{"id":2402,"date":"2025-05-22T10:56:23","date_gmt":"2025-05-22T08:56:23","guid":{"rendered":"https:\/\/thefirstshop.it\/shop\/?post_type=product&#038;p=2402"},"modified":"2025-12-04T13:04:08","modified_gmt":"2025-12-04T12:04:08","slug":"dynasun-pp437-storage-box-caja-para-zapatos-y-botas-apilable-y-plegable-para-hombres-y-mujeres-para-el-almacenamiento-organizado-de-botas-zapatos-y-accesorios-4","status":"publish","type":"product","link":"https:\/\/thefirstshop.it\/shop\/es\/prodotto\/dynasun-pp437-storage-box-caja-para-zapatos-y-botas-apilable-y-plegable-para-hombres-y-mujeres-para-el-almacenamiento-organizado-de-botas-zapatos-y-accesorios-4\/","title":{"rendered":"DynaSun PP437 Storage Box &#8211; Caja para zapatos y botas apilable y plegable para hombres y mujeres para el almacenamiento organizado de botas, zapatos y accesorios"},"content":{"rendered":"<p class=\"MsoNormal\" style=\"margin-bottom: 0cm;text-align: justify;line-height: normal\"><span lang=\"DE\" style=\"font-size: 12.0pt;font-family: 'Times New Roman',serif\">La <strong>caja para zapatos y botas DynaSun PP437 <\/strong>ofrece una soluci&oacute;n innovadora y elegante para <strong>guardar adecuadamente <\/strong>sus <strong>zapatos y botas <\/strong>. Esta <strong>caja apilable y plegable <\/strong>no s&oacute;lo ahorra espacio, sino que tambi&eacute;n es pr&aacute;ctica, ya que el <strong>pl&aacute;stico transparente <\/strong>permite tener a la vista el contenido en todo momento sin tener que abrir la caja.<\/span><\/p>\n<p class=\"MsoNormal\" style=\"margin-bottom: 0cm;text-align: justify;line-height: normal\"><span lang=\"DE\" style=\"font-size: 12.0pt;font-family: 'Times New Roman',serif\">Con una construcci&oacute;n de polipropileno resistente y f&aacute;cil de montar <strong>, <\/strong>esta caja protege tus botas, zapatos y accesorios del <strong>polvo y la humedad <\/strong>. Ideal para <strong>guardar <\/strong>sus zapatos durante la temporada en el <strong>armario, el &aacute;tico <\/strong>o incluso debajo de la <strong>cama <\/strong>, garantiza un almacenamiento organizado y limpio.<\/span><\/p>\n<p class=\"MsoNormal\" style=\"margin-bottom: 0cm;text-align: justify;line-height: normal\"><span lang=\"DE\" style=\"font-size: 12.0pt;font-family: 'Times New Roman',serif\">El <strong>dise&ntilde;o apilable <\/strong>le ahorra espacio adicional y la <strong>construcci&oacute;n f&aacute;cilmente plegable <\/strong>permite que la caja se almacene de manera r&aacute;pida y eficiente cuando no est&eacute; en uso. No solo podr&aacute;s guardar botas y zapatos, sino que tambi&eacute;n podr&aacute;s guardar de forma segura <strong>accesorios de invierno <\/strong>, <strong>ropa de cama <\/strong>, <strong>su&eacute;teres <\/strong>o incluso <strong>adornos <\/strong>. La caja tambi&eacute;n es ideal para <strong>bolsos, cinturones, bufandas u otros accesorios.<\/strong><\/span><\/p>\n<p class=\"MsoNormal\" style=\"margin-bottom: 0cm;text-align: justify;line-height: normal\"><span lang=\"DE\" style=\"font-size: 12.0pt;font-family: 'Times New Roman',serif\">Ya sea en <strong>el dormitorio <\/strong>, <strong>la oficina <\/strong>u otras partes de la casa, DynaSun PP437 Box ofrece una <strong>soluci&oacute;n vers&aacute;til <\/strong>para sus necesidades de almacenamiento.<\/span><\/p>\n<p><span lang=\"DE\" style=\"font-size: 12.0pt;line-height: 115%;font-family: 'Times New Roman',serif\">La <strong>caja para zapatos y botas DynaSun PP437 <\/strong>es la soluci&oacute;n perfecta para mantener tus <strong>zapatos, botas y accesorios <\/strong>ordenados y protegidos. Gracias a su dise&ntilde;o <strong>transparente , <\/strong>siempre tendr&aacute;s una visi&oacute;n general, mientras que la caja protege eficazmente tus art&iacute;culos del polvo y la humedad. El <strong>dise&ntilde;o apilable y plegable <\/strong>ahorra espacio y proporciona una soluci&oacute;n flexible para una variedad de necesidades de almacenamiento. Ya sea que desee guardar sus zapatos de forma segura o guardar ordenadamente art&iacute;culos adicionales para el hogar, la caja <strong>DynaSun PP437 <\/strong>ofrece funcionalidad y estilo a partes iguales<\/span><\/p>\n<p><strong>Technische Daten<\/strong><\/p>\n<p><\/p>\n<p class=\"MsoNormal\" style=\"margin: 0cm;text-align: justify;text-indent: -18.0pt;line-height: normal\"><!-- [if !supportLists]--><span lang=\"DE\" style=\"font-size: 10.0pt;font-family: Symbol\"><span>&middot;<span style=\"font: 7.0pt 'Times New Roman'\">&nbsp;&nbsp;&nbsp;&nbsp;&nbsp;&nbsp;&nbsp;&nbsp; <\/span><\/span><\/span><!--[endif]--><strong><span lang=\"DE\" style=\"font-size: 12.0pt;font-family: 'Times New Roman',serif\">Material: <\/span><\/strong><span lang=\"DE\" style=\"font-size: 12.0pt;font-family: 'Times New Roman',serif\">polipropileno resistente y transparente<\/span><\/p>\n<p class=\"MsoNormal\" style=\"margin: 0cm;text-align: justify;text-indent: -18.0pt;line-height: normal\"><!-- [if !supportLists]--><span lang=\"DE\" style=\"font-size: 10.0pt;font-family: Symbol\"><span>&middot;<span style=\"font: 7.0pt 'Times New Roman'\">&nbsp;&nbsp;&nbsp;&nbsp;&nbsp;&nbsp;&nbsp;&nbsp; <\/span><\/span><\/span><!--[endif]--><strong><span lang=\"DE\" style=\"font-size: 12.0pt;font-family: 'Times New Roman',serif\">Color: <\/span><\/strong><span lang=\"DE\" style=\"font-size: 12.0pt;font-family: 'Times New Roman',serif\">Blanco Transparente<\/span><\/p>\n<p class=\"MsoNormal\" style=\"margin: 0cm;text-align: justify;text-indent: -18.0pt;line-height: normal\"><!-- [if !supportLists]--><span lang=\"DE\" style=\"font-size: 10.0pt;font-family: Symbol\"><span>&middot;<span style=\"font: 7.0pt 'Times New Roman'\">&nbsp;&nbsp;&nbsp;&nbsp;&nbsp;&nbsp;&nbsp;&nbsp; <\/span><\/span><\/span><!--[endif]--><strong><span lang=\"DE\" style=\"font-size: 12.0pt;font-family: 'Times New Roman',serif\">Dimensiones: <\/span><\/strong><span lang=\"DE\" style=\"font-size: 12.0pt;font-family: 'Times New Roman',serif\">30 cm (largo) x 18 cm (ancho) x 9,7 cm (alto)<\/span><\/p>\n<p class=\"MsoNormal\" style=\"margin: 0cm;text-align: justify;text-indent: -18.0pt;line-height: normal\"><!-- [if !supportLists]--><span lang=\"DE\" style=\"font-size: 10.0pt;font-family: Symbol\"><span>&middot;<span style=\"font: 7.0pt 'Times New Roman'\">&nbsp;&nbsp;&nbsp;&nbsp;&nbsp;&nbsp;&nbsp;&nbsp; <\/span><\/span><\/span><!--[endif]--><span lang=\"DE\" style=\"font-size: 12.0pt;font-family: 'Times New Roman',serif\">Resistente al polvo y la humedad<\/span><\/p>\n<p class=\"MsoNormal\" style=\"margin: 0cm;text-align: justify;text-indent: -18.0pt;line-height: normal\"><!-- [if !supportLists]--><span lang=\"DE\" style=\"font-size: 10.0pt;font-family: Symbol\"><span>&middot;<span style=\"font: 7.0pt 'Times New Roman'\">&nbsp;&nbsp;&nbsp;&nbsp;&nbsp;&nbsp;&nbsp;&nbsp; <\/span><\/span><\/span><!--[endif]--><span lang=\"DE\" style=\"font-size: 12.0pt;font-family: 'Times New Roman',serif\">Dise&ntilde;o transparente para una f&aacute;cil visibilidad del contenido<\/span><\/p>\n<p class=\"MsoNormal\" style=\"margin: 0cm;text-align: justify;text-indent: -18.0pt;line-height: normal\"><!-- [if !supportLists]--><span lang=\"DE\" style=\"font-size: 10.0pt;font-family: Symbol\"><span>&middot;<span style=\"font: 7.0pt 'Times New Roman'\">&nbsp;&nbsp;&nbsp;&nbsp;&nbsp;&nbsp;&nbsp;&nbsp; <\/span><\/span><\/span><!--[endif]--><span lang=\"DE\" style=\"font-size: 12.0pt;font-family: 'Times New Roman',serif\">Apilable para ahorrar espacio<\/span><\/p>\n<p class=\"MsoNormal\" style=\"margin: 0cm;text-align: justify;text-indent: -18.0pt;line-height: normal\"><!-- [if !supportLists]--><span lang=\"DE\" style=\"font-size: 10.0pt;font-family: Symbol\"><span>&middot;<span style=\"font: 7.0pt 'Times New Roman'\">&nbsp;&nbsp;&nbsp;&nbsp;&nbsp;&nbsp;&nbsp;&nbsp; <\/span><\/span><\/span><!--[endif]--><span lang=\"DE\" style=\"font-size: 12.0pt;font-family: 'Times New Roman',serif\">Plegable cuando no est&aacute; en uso<\/span><\/p>\n<p class=\"MsoNormal\" style=\"margin: 0cm;text-align: justify;text-indent: -18.0pt;line-height: normal\"><!-- [if !supportLists]--><span lang=\"DE\" style=\"font-size: 10.0pt;font-family: Symbol\"><span>&middot;<span style=\"font: 7.0pt 'Times New Roman'\">&nbsp;&nbsp;&nbsp;&nbsp;&nbsp;&nbsp;&nbsp;&nbsp; <\/span><\/span><\/span><!--[endif]--><span lang=\"DE\" style=\"font-size: 12.0pt;font-family: 'Times New Roman',serif\">Adecuado para zapatos, botas, bolsos, cinturones, bufandas y otros accesorios.<\/span><\/p>\n<p class=\"MsoNormal\" style=\"margin: 0cm;text-align: justify;text-indent: -18.0pt;line-height: normal\"><!-- [if !supportLists]--><span lang=\"DE\" style=\"font-size: 10.0pt;font-family: Symbol\"><span>&middot;<span style=\"font: 7.0pt 'Times New Roman'\">&nbsp;&nbsp;&nbsp;&nbsp;&nbsp;&nbsp;&nbsp;&nbsp; <\/span><\/span><\/span><!--[endif]--><span lang=\"DE\" style=\"font-size: 12.0pt;font-family: 'Times New Roman',serif\">F&aacute;cil montaje, no se requieren herramientas<\/span><\/p>\n<p><\/p>\n","protected":false},"excerpt":{"rendered":"<p>La caja para zapatos y botas DynaSun PP437 ofrece una soluci\u00f3n innovadora y elegante para guardar adecuadamente sus zapatos y botas<br \/>Esta caja apilable y plegable no s\u00f3lo ahorra espacio, sino que tambi\u00e9n es pr\u00e1ctica, ya que el pl\u00e1stico transparente permite tener a la vista el contenido<br \/>Con una construcci\u00f3n de polipropileno resistente y f\u00e1cil de montar , esta caja protege tus botas, zapatos y accesorios del polvo y la humedad<br \/>Ideal para guardar sus zapatos durante la temporada en el armario, el \u00e1tico o incluso debajo de la cama , garantiza un almacenamiento organizado y limpio<br \/>El dise\u00f1o apilable le ahorra espacio adicional y la construcci\u00f3n f\u00e1cilmente plegable permite que la caja se almacene de manera r\u00e1pida y eficiente cuando no est\u00e9 en uso<\/p>\n","protected":false},"featured_media":2403,"comment_status":"open","ping_status":"closed","template":"","meta":{"_bst_post_transparent":"","_bst_post_title":"","_bst_post_layout":"","_bst_post_sidebar_id":"","_bst_post_content_style":"","_bst_post_vertical_padding":"","_bst_post_feature":"","_bst_post_feature_position":"","_bst_post_header":false,"_bst_post_footer":false},"product_brand":[],"product_cat":[1048],"product_tag":[],"product_brands":[],"class_list":{"0":"post-2402","1":"product","2":"type-product","3":"status-publish","4":"has-post-thumbnail","6":"product_cat-schuhbox-it-es","8":"first","9":"instock","10":"shipping-taxable","11":"product-type-variable","12":"entry","13":"content-bg","14":"loop-entry"},"_links":{"self":[{"href":"https:\/\/thefirstshop.it\/shop\/wp-json\/wp\/v2\/product\/2402","targetHints":{"allow":["GET"]}}],"collection":[{"href":"https:\/\/thefirstshop.it\/shop\/wp-json\/wp\/v2\/product"}],"about":[{"href":"https:\/\/thefirstshop.it\/shop\/wp-json\/wp\/v2\/types\/product"}],"replies":[{"embeddable":true,"href":"https:\/\/thefirstshop.it\/shop\/wp-json\/wp\/v2\/comments?post=2402"}],"wp:featuredmedia":[{"embeddable":true,"href":"https:\/\/thefirstshop.it\/shop\/wp-json\/wp\/v2\/media\/2403"}],"wp:attachment":[{"href":"https:\/\/thefirstshop.it\/shop\/wp-json\/wp\/v2\/media?parent=2402"}],"wp:term":[{"taxonomy":"product_brand","embeddable":true,"href":"https:\/\/thefirstshop.it\/shop\/wp-json\/wp\/v2\/product_brand?post=2402"},{"taxonomy":"product_cat","embeddable":true,"href":"https:\/\/thefirstshop.it\/shop\/wp-json\/wp\/v2\/product_cat?post=2402"},{"taxonomy":"product_tag","embeddable":true,"href":"https:\/\/thefirstshop.it\/shop\/wp-json\/wp\/v2\/product_tag?post=2402"},{"taxonomy":"product_brands","embeddable":true,"href":"https:\/\/thefirstshop.it\/shop\/wp-json\/wp\/v2\/product_brands?post=2402"}],"curies":[{"name":"wp","href":"https:\/\/api.w.org\/{rel}","templated":true}]}}