{"id":2566,"date":"2025-07-10T10:17:27","date_gmt":"2025-07-10T08:17:27","guid":{"rendered":"https:\/\/thefirstshop.it\/shop\/?post_type=product&#038;p=2566"},"modified":"2026-02-10T16:20:49","modified_gmt":"2026-02-10T15:20:49","slug":"ergonomischer-vierfus-gehstock-dynasun-f307-gehstock-gehhilfe-verstellbarer-mit-4-fusen-vierfusgehhilfe-krucken-spazierstock-mit-grosem-abstand-mit-weichem-gepolstertem-handgriff-fur-seni","status":"publish","type":"product","link":"https:\/\/thefirstshop.it\/shop\/de\/prodotto\/ergonomischer-vierfus-gehstock-dynasun-f307-gehstock-gehhilfe-verstellbarer-mit-4-fusen-vierfusgehhilfe-krucken-spazierstock-mit-grosem-abstand-mit-weichem-gepolstertem-handgriff-fur-seni\/","title":{"rendered":"Ergonomischer Vierfu\u00df Gehstock DynaSun F307 Gehstock, Gehhilfe Verstellbarer mit 4 F\u00fc\u00dfen \u2013 Vierfu\u00dfgehhilfe Kr\u00fccken Spazierstock mit gro\u00dfem Abstand, mit weichem, gepolstertem Handgriff f\u00fcr Senioren, M\u00e4nner und Frauen"},"content":{"rendered":"<p style=\"margin: 0cm;margin-bottom: .0001pt;text-align: justify\">Der <strong>Vierfu&szlig;-Gehstock<\/strong> kombiniert modernste Technik und ergonomisches Design, um eine au&szlig;ergew&ouml;hnliche Mobilit&auml;tshilfe zu bieten, die auf die Bed&uuml;rfnisse von Senioren, Menschen mit eingeschr&auml;nkter Mobilit&auml;t oder Personen, die sich von Verletzungen erholen, zugeschnitten ist. Dieser Gehstock ist mehr als nur ein Hilfsmittel &ndash; er ist ein Begleiter f&uuml;r den t&auml;glichen Gebrauch, der Sicherheit, Komfort und Stabilit&auml;t in jeder Umgebung gew&auml;hrleistet.<\/p>\n<h3 style=\"margin: 0cm;margin-bottom: .0001pt;text-align: justify\"><strong><span style=\"font-size: 12.0pt;font-weight: normal\">Stabile Vierfu&szlig;-Quad-Basis f&uuml;r maximalen Halt<\/span><\/strong><\/h3>\n<p style=\"margin: 0cm;margin-bottom: .0001pt;text-align: justify\">Eines der herausragenden Merkmale des Gehstocks ist seine <strong>anmutige und robuste Quad-Basis<\/strong>. Die vier F&uuml;&szlig;e bieten eine <strong>exzellente Stabilit&auml;t<\/strong>, die das Risiko von St&uuml;rzen und Unsicherheiten minimiert. Die neu geformte Designbasis verleiht dem Gehstock nicht nur ein elegantes Aussehen, sondern sorgt auch daf&uuml;r, dass er <strong>stabiler<\/strong> und <strong>sicherer<\/strong> ist als herk&ouml;mmliche Gehst&ouml;cke mit geschwei&szlig;ten F&uuml;&szlig;en. Dank der <strong>rutschfesten Gummif&uuml;&szlig;e<\/strong>, die auf der Basis angebracht sind, erh&ouml;ht sich die Kontaktfl&auml;che mit dem Boden, was f&uuml;r zus&auml;tzliche Sicherheit und festen Halt sorgt, selbst auf glatten Oberfl&auml;chen wie Fliesen oder Parkett.<\/p>\n<h3 style=\"margin: 0cm;margin-bottom: .0001pt;text-align: justify\"><strong><span style=\"font-size: 12.0pt;font-weight: normal\">Ergonomischer Griff f&uuml;r ultimativen Komfort<\/span><\/strong><\/h3>\n<p style=\"margin: 0cm;margin-bottom: .0001pt;text-align: justify\">Der <strong>ergonomische Griff<\/strong> des Gehstocks ist so konzipiert, dass er sich an die nat&uuml;rliche Form der Hand anpasst, was Druckpunkte auf der Handfl&auml;che reduziert und eine komfortable Nutzung &uuml;ber l&auml;ngere Zeitr&auml;ume hinweg erm&ouml;glicht. Im Vergleich zu traditionellen Schaumstoffgriffen bietet das innovative <strong>Material aus PP und weichem TPR<\/strong> eine <strong>bessere Unterst&uuml;tzung<\/strong> und einen festeren Griff. Der Griff ist <strong>l&auml;nger und breiter<\/strong> als bei herk&ouml;mmlichen Modellen, was eine gr&ouml;&szlig;ere Kontaktfl&auml;che mit der Hand bietet und so Erm&uuml;dung reduziert und <strong>Muskelkr&auml;mpfen vorbeugt<\/strong>. Dies ist besonders wichtig f&uuml;r Menschen, die den Gehstock den ganzen Tag &uuml;ber verwenden.<\/p>\n<h3 style=\"margin: 0cm;margin-bottom: .0001pt;text-align: justify\"><strong><span style=\"font-size: 12.0pt;font-weight: normal\">H&ouml;henverstellbar f&uuml;r eine perfekte Passform<\/span><\/strong><\/h3>\n<p style=\"margin: 0cm;margin-bottom: .0001pt;text-align: justify\">Der Gehstock bietet <strong>acht verschiedene H&ouml;henstufen<\/strong>, die in 2,5 cm <strong>Schritten<\/strong> angepasst werden k&ouml;nnen, was ihn f&uuml;r Menschen zwischen <strong>150 cm und 196 cm<\/strong> geeignet macht. Diese <strong>flexible H&ouml;henverstellung<\/strong> sorgt daf&uuml;r, dass der Gehstock individuell an die Bed&uuml;rfnisse des Benutzers angepasst werden kann, was eine optimale K&ouml;rperhaltung beim Gehen erm&ouml;glicht. Durch die verstellbare H&ouml;he wird die Belastung der Gelenke, insbesondere der Knie und H&uuml;ften, minimiert, was zu einem angenehmeren Geherlebnis f&uuml;hrt.<\/p>\n<h3 style=\"margin: 0cm;margin-bottom: .0001pt;text-align: justify\"><strong><span style=\"font-size: 12.0pt;font-weight: normal\">F&uuml;r Rechts- und Linksh&auml;nder geeignet<\/span><\/strong><\/h3>\n<p style=\"margin: 0cm;margin-bottom: .0001pt;text-align: justify\">Der Gehstock kann leicht sowohl f&uuml;r <strong>rechts- als auch linksh&auml;ndige<\/strong> Benutzer werden. Dies macht ihn zu einer vielseitigen L&ouml;sung f&uuml;r eine breite Nutzergruppe. Die <strong>Vierfu&szlig;-Quad-Basis<\/strong> kann je nach Bedarf gedreht werden, um die Nutzung f&uuml;r beide H&auml;nde gleicherma&szlig;en komfortabel und effektiv zu gestalten.<\/p>\n<h3 style=\"margin: 0cm;margin-bottom: .0001pt;text-align: justify\"><strong><span style=\"font-size: 12.0pt;font-weight: normal\">Langlebig und strapazierf&auml;hig<\/span><\/strong><\/h3>\n<p style=\"margin: 0cm;margin-bottom: .0001pt;text-align: justify\">Hergestellt aus einem <strong>hochwertigen Aluminiumrahmen<\/strong>, ist dieser Gehstock <strong>besonders leicht<\/strong>, ohne dabei an Stabilit&auml;t einzub&uuml;&szlig;en. Er kann ein Gewicht von bis zu <strong>136 kg <\/strong>tragen, was ihn zu einer idealen Wahl f&uuml;r eine Vielzahl von Benutzern macht. Die langlebige Aluminiumkonstruktion ist <strong>korrosionsbest&auml;ndig<\/strong> und robust genug, um den t&auml;glichen Anforderungen standzuhalten, egal ob drinnen oder drau&szlig;en.<\/p>\n<h3 style=\"margin: 0cm;margin-bottom: .0001pt;text-align: justify\"><strong><span style=\"font-size: 12.0pt;font-weight: normal\">Ideal f&uuml;r verschiedene Benutzergruppen<\/span><\/strong><\/h3>\n<p style=\"margin: 0cm;margin-bottom: .0001pt;text-align: justify\">Dieser Vierfu&szlig;-Gehstock ist ideal f&uuml;r eine breite Benutzergruppe, einschlie&szlig;lich <strong>Senioren<\/strong>, <strong>Menschen mit Mobilit&auml;tseinschr&auml;nkungen<\/strong>, <strong>Rehabilitanden nach Operationen<\/strong> oder <strong>Verletzungen<\/strong>. Er bietet nicht nur die n&ouml;tige Sicherheit und Stabilit&auml;t beim Gehen, sondern hilft auch, das Selbstbewusstsein der Benutzer zu st&auml;rken, indem er ihnen die Unabh&auml;ngigkeit zur&uuml;ckgibt.<\/p>\n<p class=\"MsoNormal\" style=\"margin-bottom: .0001pt;text-align: justify\"><span lang=\"de\" style=\"font-size: 12.0pt;line-height: 115%;font-family: 'Times New Roman','serif'\">&nbsp;<\/span><\/p>\n<p style=\"margin: 0cm;margin-bottom: .0001pt;text-align: justify\">Der <strong>Vierfu&szlig;-Gehstock<\/strong> ist eine durchdachte und zuverl&auml;ssige Mobilit&auml;tshilfe, die Stabilit&auml;t, Sicherheit und Komfort bietet. Dank der <strong>stabilen Quad-Basis<\/strong> und des ergonomischen Griffs, der Handerm&uuml;dung minimiert, ist dieser Gehstock ideal f&uuml;r &auml;ltere Menschen oder Personen mit Mobilit&auml;tseinschr&auml;nkungen. Die <strong>achtstufige H&ouml;henverstellung<\/strong> und das <strong>zusammenklappbare Design<\/strong> machen ihn &auml;u&szlig;erst vielseitig und einfach zu transportieren. Er bietet eine <strong>maximale Tragf&auml;higkeit von 136 kg<\/strong> und ist sowohl f&uuml;r <strong>Rechts- als auch Linksh&auml;nder<\/strong> geeignet. Ob zu Hause, unterwegs oder in einer Reha-Einrichtung &ndash; dieser Gehstock bietet die Unterst&uuml;tzung, die Sie brauchen, um sicher und selbstst&auml;ndig mobil zu bleiben.<\/p>\n<p><strong>Technische Daten<\/strong><\/p>\n<p><\/p>\n<p class=\"MsoNormal\" style=\"text-align: justify;text-indent: -18.0pt;line-height: normal;margin: 0cm 0cm .0001pt 18.0pt\"><!-- [if !supportLists]--><span lang=\"de\" style=\"font-size: 10.0pt;font-family: Symbol\"><span>&middot;<span style=\"font: 7.0pt 'Times New Roman'\">&nbsp;&nbsp;&nbsp;&nbsp;&nbsp;&nbsp;&nbsp;&nbsp; <\/span><\/span><\/span><!--[endif]--><strong><span lang=\"de\" style=\"font-size: 12.0pt\">Material:<\/span><\/strong><span lang=\"de\" style=\"font-size: 12.0pt;font-family: 'Times New Roman','serif'\"> Leichter, langlebiger Aluminiumrahmen<\/span><\/p>\n<p class=\"MsoNormal\" style=\"text-align: justify;text-indent: -18.0pt;line-height: normal;margin: 0cm 0cm .0001pt 18.0pt\"><!-- [if !supportLists]--><span lang=\"de\" style=\"font-size: 10.0pt;font-family: Symbol\"><span>&middot;<span style=\"font: 7.0pt 'Times New Roman'\">&nbsp;&nbsp;&nbsp;&nbsp;&nbsp;&nbsp;&nbsp;&nbsp; <\/span><\/span><\/span><!--[endif]--><strong><span lang=\"de\" style=\"font-size: 12.0pt\">Griff:<\/span><\/strong><span lang=\"de\" style=\"font-size: 12.0pt;font-family: 'Times New Roman','serif'\"> Ergonomischer Griff aus PP und TPR zur Handfl&auml;chenentlastung<\/span><\/p>\n<p class=\"MsoNormal\" style=\"text-align: justify;text-indent: -18.0pt;line-height: normal;margin: 0cm 0cm .0001pt 18.0pt\"><!-- [if !supportLists]--><span lang=\"de\" style=\"font-size: 10.0pt;font-family: Symbol\"><span>&middot;<span style=\"font: 7.0pt 'Times New Roman'\">&nbsp;&nbsp;&nbsp;&nbsp;&nbsp;&nbsp;&nbsp;&nbsp; <\/span><\/span><\/span><!--[endif]--><strong><span lang=\"de\" style=\"font-size: 12.0pt\">H&ouml;henverstellung:<\/span><\/strong><span lang=\"de\" style=\"font-size: 12.0pt;font-family: 'Times New Roman','serif'\"> 8 Stufen, einstellbar von 80,6 cm bis 96,5 cm<\/span><\/p>\n<p class=\"MsoNormal\" style=\"text-align: justify;text-indent: -18.0pt;line-height: normal;margin: 0cm 0cm .0001pt 18.0pt\"><!-- [if !supportLists]--><span lang=\"de\" style=\"font-size: 10.0pt;font-family: Symbol\"><span>&middot;<span style=\"font: 7.0pt 'Times New Roman'\">&nbsp;&nbsp;&nbsp;&nbsp;&nbsp;&nbsp;&nbsp;&nbsp; <\/span><\/span><\/span><!--[endif]--><strong><span lang=\"de\" style=\"font-size: 12.0pt\">Geeignet f&uuml;r:<\/span><\/strong><span lang=\"de\" style=\"font-size: 12.0pt;font-family: 'Times New Roman','serif'\"> Menschen mit einer K&ouml;rpergr&ouml;&szlig;e von 150 cm bis 196 cm<\/span><\/p>\n<p class=\"MsoNormal\" style=\"text-align: justify;text-indent: -18.0pt;line-height: normal;margin: 0cm 0cm .0001pt 18.0pt\"><!-- [if !supportLists]--><span lang=\"de\" style=\"font-size: 10.0pt;font-family: Symbol\"><span>&middot;<span style=\"font: 7.0pt 'Times New Roman'\">&nbsp;&nbsp;&nbsp;&nbsp;&nbsp;&nbsp;&nbsp;&nbsp; <\/span><\/span><\/span><!--[endif]--><strong><span lang=\"de\" style=\"font-size: 12.0pt\">Basis:<\/span><\/strong><span lang=\"de\" style=\"font-size: 12.0pt;font-family: 'Times New Roman','serif'\"> Vierfu&szlig;-Quad-Basis mit rutschfesten Gummif&uuml;&szlig;en f&uuml;r maximale Stabilit&auml;t<\/span><\/p>\n<p class=\"MsoNormal\" style=\"text-align: justify;text-indent: -18.0pt;line-height: normal;margin: 0cm 0cm .0001pt 18.0pt\"><!-- [if !supportLists]--><span lang=\"de\" style=\"font-size: 10.0pt;font-family: Symbol\"><span>&middot;<span style=\"font: 7.0pt 'Times New Roman'\">&nbsp;&nbsp;&nbsp;&nbsp;&nbsp;&nbsp;&nbsp;&nbsp; <\/span><\/span><\/span><!--[endif]--><strong><span lang=\"de\" style=\"font-size: 12.0pt\">Maximale Traglast:<\/span><\/strong><span lang=\"de\" style=\"font-size: 12.0pt;font-family: 'Times New Roman','serif'\"> 136 kg<\/span><\/p>\n<p class=\"MsoNormal\" style=\"text-align: justify;text-indent: -18.0pt;line-height: normal;margin: 0cm 0cm .0001pt 18.0pt\"><!-- [if !supportLists]--><span lang=\"de\" style=\"font-size: 10.0pt;font-family: Symbol\"><span>&middot;<span style=\"font: 7.0pt 'Times New Roman'\">&nbsp;&nbsp;&nbsp;&nbsp;&nbsp;&nbsp;&nbsp;&nbsp; <\/span><\/span><\/span><!--[endif]--><strong><span lang=\"de\" style=\"font-size: 12.0pt\">Farbe:<\/span><\/strong><span lang=\"de\" style=\"font-size: 12.0pt;font-family: 'Times New Roman','serif'\"> Schwarz<\/span><\/p>\n<p class=\"MsoNormal\" style=\"text-align: justify;text-indent: -18.0pt;line-height: normal;margin: 0cm 0cm .0001pt 18.0pt\"><!-- [if !supportLists]--><span lang=\"de\" style=\"font-size: 10.0pt;font-family: Symbol\"><span>&middot;<span style=\"font: 7.0pt 'Times New Roman'\">&nbsp;&nbsp;&nbsp;&nbsp;&nbsp;&nbsp;&nbsp;&nbsp; <\/span><\/span><\/span><!--[endif]--><strong><span lang=\"de\" style=\"font-size: 12.0pt\">Griffbreite:<\/span><\/strong><span lang=\"de\" style=\"font-size: 12.0pt;font-family: 'Times New Roman','serif'\"> 52 cm<\/span><\/p>\n<p class=\"MsoNormal\" style=\"text-align: justify;text-indent: -18.0pt;line-height: normal;margin: 0cm 0cm .0001pt 18.0pt\"><!-- [if !supportLists]--><span lang=\"de\" style=\"font-size: 10.0pt;font-family: Symbol\"><span>&middot;<span style=\"font: 7.0pt 'Times New Roman'\">&nbsp;&nbsp;&nbsp;&nbsp;&nbsp;&nbsp;&nbsp;&nbsp; <\/span><\/span><\/span><!--[endif]--><strong><span lang=\"de\" style=\"font-size: 12.0pt\">Einsatzbereich:<\/span><\/strong><span lang=\"de\" style=\"font-size: 12.0pt;font-family: 'Times New Roman','serif'\"> Innen- und Au&szlig;enbereiche<\/span><\/p>\n<p class=\"MsoNormal\" style=\"text-align: justify;text-indent: -18.0pt;line-height: normal;margin: 0cm 0cm .0001pt 18.0pt\"><!-- [if !supportLists]--><span lang=\"de\" style=\"font-size: 10.0pt;font-family: Symbol\"><span>&middot;<span style=\"font: 7.0pt 'Times New Roman'\">&nbsp;&nbsp;&nbsp;&nbsp;&nbsp;&nbsp;&nbsp;&nbsp; <\/span><\/span><\/span><!--[endif]--><strong><span lang=\"de\" style=\"font-size: 12.0pt\">Rechts- und linksh&auml;ndig nutzbar:<\/span><\/strong><span lang=\"de\" style=\"font-size: 12.0pt;font-family: 'Times New Roman','serif'\"> Ja<\/span><\/p>\n<p class=\"MsoNormal\" style=\"text-align: justify;text-indent: -18.0pt;line-height: normal;margin: 0cm 0cm .0001pt 18.0pt\"><!-- [if !supportLists]--><span lang=\"de\" style=\"font-size: 10.0pt;font-family: Symbol\"><span>&middot;<span style=\"font: 7.0pt 'Times New Roman'\">&nbsp;&nbsp;&nbsp;&nbsp;&nbsp;&nbsp;&nbsp;&nbsp; <\/span><\/span><\/span><!--[endif]--><strong><span lang=\"de\" style=\"font-size: 12.0pt\">Produktgewicht:<\/span><\/strong><span lang=\"de\" style=\"font-size: 12.0pt;font-family: 'Times New Roman','serif'\"> Leicht und einfach zu handhaben<\/span><\/p>\n<p class=\"MsoNormal\" style=\"text-align: justify;text-indent: -18.0pt;line-height: normal;margin: 0cm 0cm .0001pt 18.0pt\"><!-- [if !supportLists]--><span lang=\"de\" style=\"font-size: 10.0pt;font-family: Symbol\"><span>&middot;<span style=\"font: 7.0pt 'Times New Roman'\">&nbsp;&nbsp;&nbsp;&nbsp;&nbsp;&nbsp;&nbsp;&nbsp; <\/span><\/span><\/span><!--[endif]--><strong><span lang=\"de\" style=\"font-size: 12.0pt\">Verwendbar f&uuml;r:<\/span><\/strong><span lang=\"de\" style=\"font-size: 12.0pt;font-family: 'Times New Roman','serif'\"> Senioren, Rehabilitanden, Menschen mit Mobilit&auml;tseinschr&auml;nkungen<\/span><\/p>\n<p><strong>Lieferumfang<\/strong><\/p>\n<p><\/p>\n<p><strong>Vierfu&szlig;-Gehstock<\/strong><\/p>\n","protected":false},"excerpt":{"rendered":"<p>Dieser Gehstock ist mehr als nur ein Hilfsmittel \u2013 er ist ein Begleiter f\u00fcr den t\u00e4glichen Gebrauch, der Sicherheit, Komfort und Stabilit\u00e4t in jeder Umgebung gew\u00e4hrleistet.<br \/>Die vier F\u00fc\u00dfe bieten eine exzellente Stabilit\u00e4t, die das Risiko von St\u00fcrzen und Unsicherheiten minimiert<br \/>Hergestellt aus einem hochwertigen Aluminiumrahmen, ist dieser Gehstock besonders leicht, ohne dabei an Stabilit\u00e4t einzub\u00fc\u00dfen<br \/>Der Gehstock bietet acht verschiedene H\u00f6henstufen, die in 2,5 cm Schritten angepasst werden k\u00f6nnen, was ihn f\u00fcr Menschen zwischen 150 cm und 196 cm geeignet macht<br \/>Diese flexible H\u00f6henverstellung sorgt daf\u00fcr, dass individuell an die Bed\u00fcrfnisse des Benutzers angepasst werden kann, was eine optimale K\u00f6rperhaltung beim Gehen erm\u00f6glicht<\/p>\n","protected":false},"featured_media":2569,"comment_status":"open","ping_status":"closed","template":"","meta":{"_bst_post_transparent":"","_bst_post_title":"","_bst_post_layout":"","_bst_post_sidebar_id":"","_bst_post_content_style":"","_bst_post_vertical_padding":"","_bst_post_feature":"","_bst_post_feature_position":"","_bst_post_header":false,"_bst_post_footer":false},"product_brand":[],"product_cat":[1620],"product_tag":[1905,1907,1909,1911,1913,1915,1917,1919,1921,1923,1925,1927,1929,1879,1865,1863,1893,1881,1885,1883,1887,1873,1889,1877,1393,1931,1869,1899,1397,1449,1933,1875,1407,1895,1901,1871,1903,1891,1935,1861,1867,1897],"product_brands":[],"class_list":{"0":"post-2566","1":"product","2":"type-product","3":"status-publish","4":"has-post-thumbnail","6":"product_cat-sanitar","7":"product_tag-ausilioperladeambulazionestabile-de","8":"product_tag-ausilioperlamobilita-de","9":"product_tag-basequad-de","10":"product_tag-bastonedapasseggioaquattrozampe-de","11":"product_tag-bastonedapasseggioconcomfort-de","12":"product_tag-bastonedapasseggioinalluminio-de","13":"product_tag-bastonedapasseggioperanziani-de","14":"product_tag-bastonedapasseggioperdestrimaniemancini-de","15":"product_tag-bastonedapasseggioperdonna-de","16":"product_tag-bastonedapasseggioperuomo-de","17":"product_tag-bastonedapasseggiopieghevole-de","18":"product_tag-bastonedapasseggioregolabile-de","19":"product_tag-bastonedapasseggiostabile-de","20":"product_tag-ergonomischergriff","21":"product_tag-gehhilfe","22":"product_tag-gehstock","23":"product_tag-gehstockausaluminium","24":"product_tag-gehstockfaltbar","25":"product_tag-gehstockfurfrauen","26":"product_tag-gehstockfurmanner","27":"product_tag-gehstockfurrechts-undlinkshander","28":"product_tag-gehstockfursenioren","29":"product_tag-gehstockmitkomfort","30":"product_tag-gehstockverstellbar","31":"product_tag-hohenverstellbar","32":"product_tag-impugnaturaergonomica-de","33":"product_tag-krucken","34":"product_tag-leichteraluminiumrahmen","35":"product_tag-mobilitatshilfe","36":"product_tag-piediniantiscivolo-de","37":"product_tag-piediniingommaantiscivolo-de","38":"product_tag-quad-basis","39":"product_tag-rutschfestefuse","40":"product_tag-rutschfestegummifuse","41":"product_tag-senioren-gehstock","42":"product_tag-spazierstock","43":"product_tag-stabilegehhilfe","44":"product_tag-stabilergehstock","45":"product_tag-telaioleggeroinalluminio-de","46":"product_tag-vierfus","47":"product_tag-vierfusgehhilfe","48":"product_tag-zusammenklappbar","50":"first","51":"instock","52":"sale","53":"shipping-taxable","54":"purchasable","55":"product-type-simple","56":"entry","57":"content-bg","58":"loop-entry"},"_links":{"self":[{"href":"https:\/\/thefirstshop.it\/shop\/wp-json\/wp\/v2\/product\/2566","targetHints":{"allow":["GET"]}}],"collection":[{"href":"https:\/\/thefirstshop.it\/shop\/wp-json\/wp\/v2\/product"}],"about":[{"href":"https:\/\/thefirstshop.it\/shop\/wp-json\/wp\/v2\/types\/product"}],"replies":[{"embeddable":true,"href":"https:\/\/thefirstshop.it\/shop\/wp-json\/wp\/v2\/comments?post=2566"}],"wp:featuredmedia":[{"embeddable":true,"href":"https:\/\/thefirstshop.it\/shop\/wp-json\/wp\/v2\/media\/2569"}],"wp:attachment":[{"href":"https:\/\/thefirstshop.it\/shop\/wp-json\/wp\/v2\/media?parent=2566"}],"wp:term":[{"taxonomy":"product_brand","embeddable":true,"href":"https:\/\/thefirstshop.it\/shop\/wp-json\/wp\/v2\/product_brand?post=2566"},{"taxonomy":"product_cat","embeddable":true,"href":"https:\/\/thefirstshop.it\/shop\/wp-json\/wp\/v2\/product_cat?post=2566"},{"taxonomy":"product_tag","embeddable":true,"href":"https:\/\/thefirstshop.it\/shop\/wp-json\/wp\/v2\/product_tag?post=2566"},{"taxonomy":"product_brands","embeddable":true,"href":"https:\/\/thefirstshop.it\/shop\/wp-json\/wp\/v2\/product_brands?post=2566"}],"curies":[{"name":"wp","href":"https:\/\/api.w.org\/{rel}","templated":true}]}}