{"id":2568,"date":"2025-07-10T10:17:49","date_gmt":"2025-07-10T08:17:49","guid":{"rendered":"https:\/\/thefirstshop.it\/shop\/?post_type=product&#038;p=2568"},"modified":"2026-02-10T16:20:49","modified_gmt":"2026-02-10T15:20:49","slug":"baston-ergonomico-de-cuatro-pies-baston-dynasun-f307-ayuda-para-caminar-ajustable-con-4-pies-muletas-auxiliares-para-caminar-de-cuatro-pies-baston-con-gran-distancia-con-mango-suave-y-acolchado-pa","status":"publish","type":"product","link":"https:\/\/thefirstshop.it\/shop\/es\/prodotto\/baston-ergonomico-de-cuatro-pies-baston-dynasun-f307-ayuda-para-caminar-ajustable-con-4-pies-muletas-auxiliares-para-caminar-de-cuatro-pies-baston-con-gran-distancia-con-mango-suave-y-acolchado-pa\/","title":{"rendered":"Bast\u00f3n ergon\u00f3mico de cuatro pies Bast\u00f3n DynaSun F307, ayuda para caminar ajustable con 4 pies &#8211; muletas auxiliares para caminar de cuatro pies bast\u00f3n con gran distancia, con mango suave y acolchado para personas mayores, hombres y mujeres"},"content":{"rendered":"<p style=\"margin: 0cm;text-align: justify\"><span lang=\"es\">El <strong>bast&oacute;n de cuatro patas <\/strong>combina tecnolog&iacute;a de punta y dise&ntilde;o ergon&oacute;mico para brindar una ayuda de movilidad excepcional adaptada a las necesidades de las personas mayores, las personas con movilidad limitada o las que se recuperan de lesiones. Este bast&oacute;n es m&aacute;s que una simple ayuda: es un compa&ntilde;ero para el uso diario que garantiza seguridad, comodidad y estabilidad en cualquier entorno.<\/span><\/p>\n<h3 style=\"margin: 0cm;text-align: justify\"><strong><span lang=\"es\" style=\"font-size: 12.0pt;font-weight: normal\">Base cu&aacute;druple estable de cuatro pies para m&aacute;ximo soporte.<\/span><\/strong><\/h3>\n<p style=\"margin: 0cm;text-align: justify\"><span lang=\"es\">Una de las caracter&iacute;sticas m&aacute;s destacadas del bast&oacute;n es su <strong>elegante y resistente base cu&aacute;druple <\/strong>. Los cuatro pies proporcionan <strong>una excelente estabilidad <\/strong>, minimizando el riesgo de ca&iacute;das e inestabilidad. La base de nuevo dise&ntilde;o no s&oacute;lo le da al bast&oacute;n un aspecto elegante, sino que tambi&eacute;n garantiza que sea <strong>m&aacute;s estable <\/strong>y <strong>seguro <\/strong>que los bastones tradicionales con pies soldados. Gracias a los <strong>pies de goma antideslizantes <\/strong>instalados en la base, la superficie de contacto con el suelo aumenta, proporcionando seguridad adicional y un agarre firme, incluso en superficies lisas como baldosas o parquet.<\/span><\/p>\n<h3 style=\"margin: 0cm;text-align: justify\"><strong><span lang=\"es\" style=\"font-size: 12.0pt;font-weight: normal\">Mango ergon&oacute;mico para m&aacute;xima comodidad<\/span><\/strong><\/h3>\n<p style=\"margin: 0cm;text-align: justify\"><span lang=\"es\">El <strong>mango ergon&oacute;mico del bast&oacute;n <\/strong>est&aacute; dise&ntilde;ado para adaptarse a la forma natural de la mano, reduciendo los puntos de presi&oacute;n en la palma y permitiendo un uso c&oacute;modo durante per&iacute;odos prolongados. En comparaci&oacute;n con los mangos de espuma tradicionales, el innovador <strong>material de PP y TPR suave proporciona <\/strong>un mejor <strong>soporte <\/strong>y un agarre m&aacute;s firme. El mango es <strong>m&aacute;s largo y ancho <\/strong>que los modelos tradicionales, proporcionando una mayor superficie de contacto con la mano, reduciendo la fatiga y <strong>previniendo calambres musculares <\/strong>. Esto es especialmente importante para las personas que utilizan el bast&oacute;n durante todo el d&iacute;a.<\/span><\/p>\n<h3 style=\"margin: 0cm;text-align: justify\"><strong><span lang=\"es\" style=\"font-size: 12.0pt;font-weight: normal\">Altura ajustable para un ajuste perfecto<\/span><\/strong><\/h3>\n<p style=\"margin: 0cm;text-align: justify\"><span lang=\"es\">El bast&oacute;n ofrece <strong>ocho niveles de altura diferentes <\/strong>que se pueden ajustar en <strong>incrementos de 2,5 cm, <\/strong>lo que lo hace adecuado para personas de entre <strong>150 cm y 196 cm . <\/strong>Este <strong>ajuste de altura flexible <\/strong>garantiza que el bast&oacute;n se pueda ajustar individualmente a las necesidades del usuario, lo que permite una postura &oacute;ptima al caminar. La altura ajustable minimiza la tensi&oacute;n en las articulaciones, especialmente las rodillas y las caderas, lo que resulta en una experiencia de caminar m&aacute;s c&oacute;moda.<\/span><\/p>\n<h3 style=\"margin: 0cm;text-align: justify\"><strong><span lang=\"es\" style=\"font-size: 12.0pt;font-weight: normal\">Apto para diestros y zurdos<\/span><\/strong><\/h3>\n<p style=\"margin: 0cm;text-align: justify\"><span lang=\"es\">El bast&oacute;n puede llegar a ser f&aacute;cilmente adecuado tanto para usuarios <strong>diestros como para zurdos <\/strong>. Esto la convierte en una soluci&oacute;n vers&aacute;til para una amplia gama de usuarios. La <strong>base cu&aacute;druple de cuatro pies <\/strong>se puede girar seg&uacute;n sea necesario para que su uso sea igualmente c&oacute;modo y eficaz para ambas manos.<\/span><\/p>\n<h3 style=\"margin: 0cm;text-align: justify\"><strong><span lang=\"es\" style=\"font-size: 12.0pt;font-weight: normal\">Duradero y resistente<\/span><\/strong><\/h3>\n<p style=\"margin: 0cm;text-align: justify\"><span lang=\"es\">Fabricado con una <strong>estructura de aluminio de alta calidad <\/strong>, este bast&oacute;n es <strong>particularmente ligero <\/strong>sin sacrificar la estabilidad. Puede soportar un peso de hasta <strong>136 kg <\/strong>, lo que lo convierte en una opci&oacute;n ideal para una amplia gama de usuarios. La duradera construcci&oacute;n de aluminio es <strong>resistente a la corrosi&oacute;n <\/strong>y lo suficientemente resistente como para soportar las demandas diarias, ya sea en interiores o exteriores.<\/span><\/p>\n<h3 style=\"margin: 0cm;text-align: justify\"><strong><span lang=\"es\" style=\"font-size: 12.0pt;font-weight: normal\">Ideal para diferentes grupos de usuarios<\/span><\/strong><\/h3>\n<p style=\"margin: 0cm;text-align: justify\"><span lang=\"es\">Este bast&oacute;n de cuatro patas es ideal para una amplia gama de usuarios, incluidas <strong>personas mayores <\/strong>, <strong>personas con problemas de movilidad <\/strong>y <strong>personas en rehabilitaci&oacute;n despu&eacute;s de una cirug&iacute;a <\/strong>o <strong>lesiones <\/strong>. No s&oacute;lo proporciona la seguridad y estabilidad necesarias al caminar, sino que tambi&eacute;n ayuda a aumentar la confianza de los usuarios en s&iacute; mismos devolvi&eacute;ndoles la independencia.<\/span><\/p>\n<p class=\"MsoNormal\" style=\"margin-bottom: 0cm;text-align: justify\"><span lang=\"es\" style=\"font-size: 12.0pt;line-height: 115%;font-family: 'Times New Roman',serif\">&nbsp;<\/span><\/p>\n<p style=\"margin: 0cm;text-align: justify\"><span lang=\"es\">El <strong>bast&oacute;n de cuatro patas <\/strong>es una ayuda para la movilidad confiable y bien dise&ntilde;ada que ofrece estabilidad, seguridad y comodidad. Gracias a la <strong>resistente base cu&aacute;druple <\/strong>y al mango ergon&oacute;mico que minimiza la fatiga de la mano, este bast&oacute;n es ideal para personas mayores o personas con limitaciones de movilidad. El <strong>ajuste de altura de ocho niveles <\/strong>y <strong>el dise&ntilde;o plegable <\/strong>lo hacen extremadamente vers&aacute;til y f&aacute;cil de transportar. Ofrece una <strong>capacidad de carga m&aacute;xima de 136 kg <\/strong>y es apto tanto para <strong>usuarios diestros como zurdos . <\/strong>Ya sea en casa, de viaje o en un centro de rehabilitaci&oacute;n, este bast&oacute;n ofrece el apoyo que necesita para mantenerse m&oacute;vil de forma segura e independiente.<\/span><\/p>\n<p><strong>Technische Daten<\/strong><\/p>\n<p><\/p>\n<p class=\"MsoNormal\" style=\"text-align: justify;text-indent: -18.0pt;line-height: normal;margin: 0cm 0cm 0cm 18.0pt\"><!-- [if !supportLists]--><span lang=\"es\" style=\"font-size: 10.0pt;font-family: Symbol\"><span>&middot;<span style=\"font: 7.0pt 'Times New Roman'\">&nbsp;&nbsp;&nbsp;&nbsp;&nbsp;&nbsp;&nbsp;&nbsp; <\/span><\/span><\/span><!--[endif]--><strong><span lang=\"es\" style=\"font-size: 12.0pt\">Material: <\/span><\/strong><span lang=\"es\" style=\"font-size: 12.0pt;font-family: 'Times New Roman',serif\">marco de aluminio ligero y duradero<\/span><\/p>\n<p class=\"MsoNormal\" style=\"text-align: justify;text-indent: -18.0pt;line-height: normal;margin: 0cm 0cm 0cm 18.0pt\"><!-- [if !supportLists]--><span lang=\"es\" style=\"font-size: 10.0pt;font-family: Symbol\"><span>&middot;<span style=\"font: 7.0pt 'Times New Roman'\">&nbsp;&nbsp;&nbsp;&nbsp;&nbsp;&nbsp;&nbsp;&nbsp; <\/span><\/span><\/span><!--[endif]--><strong><span lang=\"es\" style=\"font-size: 12.0pt\">Mango: <\/span><\/strong><span lang=\"es\" style=\"font-size: 12.0pt;font-family: 'Times New Roman',serif\">Mango ergon&oacute;mico fabricado en PP y TPR para alivio de la palma<\/span><\/p>\n<p class=\"MsoNormal\" style=\"text-align: justify;text-indent: -18.0pt;line-height: normal;margin: 0cm 0cm 0cm 18.0pt\"><!-- [if !supportLists]--><span lang=\"es\" style=\"font-size: 10.0pt;font-family: Symbol\"><span>&middot;<span style=\"font: 7.0pt 'Times New Roman'\">&nbsp;&nbsp;&nbsp;&nbsp;&nbsp;&nbsp;&nbsp;&nbsp; <\/span><\/span><\/span><!--[endif]--><strong><span lang=\"es\" style=\"font-size: 12.0pt\">Ajuste de altura: <\/span><\/strong><span lang=\"es\" style=\"font-size: 12.0pt;font-family: 'Times New Roman',serif\">8 niveles, ajustable de 80,6 cm a 96,5 cm<\/span><\/p>\n<p class=\"MsoNormal\" style=\"text-align: justify;text-indent: -18.0pt;line-height: normal;margin: 0cm 0cm 0cm 18.0pt\"><!-- [if !supportLists]--><span lang=\"es\" style=\"font-size: 10.0pt;font-family: Symbol\"><span>&middot;<span style=\"font: 7.0pt 'Times New Roman'\">&nbsp;&nbsp;&nbsp;&nbsp;&nbsp;&nbsp;&nbsp;&nbsp; <\/span><\/span><\/span><!--[endif]--><strong><span lang=\"es\" style=\"font-size: 12.0pt\">Adecuado para: <\/span><\/strong><span lang=\"es\" style=\"font-size: 12.0pt;font-family: 'Times New Roman',serif\">personas con una altura de 150 cm a 196 cm.<\/span><\/p>\n<p class=\"MsoNormal\" style=\"text-align: justify;text-indent: -18.0pt;line-height: normal;margin: 0cm 0cm 0cm 18.0pt\"><!-- [if !supportLists]--><span lang=\"es\" style=\"font-size: 10.0pt;font-family: Symbol\"><span>&middot;<span style=\"font: 7.0pt 'Times New Roman'\">&nbsp;&nbsp;&nbsp;&nbsp;&nbsp;&nbsp;&nbsp;&nbsp; <\/span><\/span><\/span><!--[endif]--><strong><span lang=\"es\" style=\"font-size: 12.0pt\">Base: <\/span><\/strong><span lang=\"es\" style=\"font-size: 12.0pt;font-family: 'Times New Roman',serif\">base cu&aacute;druple de cuatro pies con pies de goma antideslizantes para m&aacute;xima estabilidad<\/span><\/p>\n<p class=\"MsoNormal\" style=\"text-align: justify;text-indent: -18.0pt;line-height: normal;margin: 0cm 0cm 0cm 18.0pt\"><!-- [if !supportLists]--><span lang=\"es\" style=\"font-size: 10.0pt;font-family: Symbol\"><span>&middot;<span style=\"font: 7.0pt 'Times New Roman'\">&nbsp;&nbsp;&nbsp;&nbsp;&nbsp;&nbsp;&nbsp;&nbsp; <\/span><\/span><\/span><!--[endif]--><strong><span lang=\"es\" style=\"font-size: 12.0pt\">Carga m&aacute;xima: <\/span><\/strong><span lang=\"es\" style=\"font-size: 12.0pt;font-family: 'Times New Roman',serif\">136 kg<\/span><\/p>\n<p class=\"MsoNormal\" style=\"text-align: justify;text-indent: -18.0pt;line-height: normal;margin: 0cm 0cm 0cm 18.0pt\"><!-- [if !supportLists]--><span lang=\"es\" style=\"font-size: 10.0pt;font-family: Symbol\"><span>&middot;<span style=\"font: 7.0pt 'Times New Roman'\">&nbsp;&nbsp;&nbsp;&nbsp;&nbsp;&nbsp;&nbsp;&nbsp; <\/span><\/span><\/span><!--[endif]--><strong><span lang=\"es\" style=\"font-size: 12.0pt\">Color: <\/span><\/strong><span lang=\"es\" style=\"font-size: 12.0pt;font-family: 'Times New Roman',serif\">Negro<\/span><\/p>\n<p class=\"MsoNormal\" style=\"text-align: justify;text-indent: -18.0pt;line-height: normal;margin: 0cm 0cm 0cm 18.0pt\"><!-- [if !supportLists]--><span lang=\"es\" style=\"font-size: 10.0pt;font-family: Symbol\"><span>&middot;<span style=\"font: 7.0pt 'Times New Roman'\">&nbsp;&nbsp;&nbsp;&nbsp;&nbsp;&nbsp;&nbsp;&nbsp; <\/span><\/span><\/span><!--[endif]--><strong><span lang=\"es\" style=\"font-size: 12.0pt\">Ancho del mango: <\/span><\/strong><span lang=\"es\" style=\"font-size: 12.0pt;font-family: 'Times New Roman',serif\">52 cm<\/span><\/p>\n<p class=\"MsoNormal\" style=\"text-align: justify;text-indent: -18.0pt;line-height: normal;margin: 0cm 0cm 0cm 18.0pt\"><!-- [if !supportLists]--><span lang=\"es\" style=\"font-size: 10.0pt;font-family: Symbol\"><span>&middot;<span style=\"font: 7.0pt 'Times New Roman'\">&nbsp;&nbsp;&nbsp;&nbsp;&nbsp;&nbsp;&nbsp;&nbsp; <\/span><\/span><\/span><!--[endif]--><strong><span lang=\"es\" style=\"font-size: 12.0pt\">&Aacute;mbito de aplicaci&oacute;n: <\/span><\/strong><span lang=\"es\" style=\"font-size: 12.0pt;font-family: 'Times New Roman',serif\">zonas interiores y exteriores.<\/span><\/p>\n<p class=\"MsoNormal\" style=\"text-align: justify;text-indent: -18.0pt;line-height: normal;margin: 0cm 0cm 0cm 18.0pt\"><!-- [if !supportLists]--><span lang=\"es\" style=\"font-size: 10.0pt;font-family: Symbol\"><span>&middot;<span style=\"font: 7.0pt 'Times New Roman'\">&nbsp;&nbsp;&nbsp;&nbsp;&nbsp;&nbsp;&nbsp;&nbsp; <\/span><\/span><\/span><!--[endif]--><strong><span lang=\"es\" style=\"font-size: 12.0pt\">Se puede utilizar con la mano derecha y con la mano izquierda: <\/span><\/strong><span lang=\"es\" style=\"font-size: 12.0pt;font-family: 'Times New Roman',serif\">S&iacute;<\/span><\/p>\n<p class=\"MsoNormal\" style=\"text-align: justify;text-indent: -18.0pt;line-height: normal;margin: 0cm 0cm 0cm 18.0pt\"><!-- [if !supportLists]--><span lang=\"es\" style=\"font-size: 10.0pt;font-family: Symbol\"><span>&middot;<span style=\"font: 7.0pt 'Times New Roman'\">&nbsp;&nbsp;&nbsp;&nbsp;&nbsp;&nbsp;&nbsp;&nbsp; <\/span><\/span><\/span><!--[endif]--><strong><span lang=\"es\" style=\"font-size: 12.0pt\">Peso del producto: <\/span><\/strong><span lang=\"es\" style=\"font-size: 12.0pt;font-family: 'Times New Roman',serif\">Ligero y f&aacute;cil de manejar<\/span><\/p>\n<p class=\"MsoNormal\" style=\"text-align: justify;text-indent: -18.0pt;line-height: normal;margin: 0cm 0cm 0cm 18.0pt\"><!-- [if !supportLists]--><span lang=\"es\" style=\"font-size: 10.0pt;font-family: Symbol\"><span>&middot;<span style=\"font: 7.0pt 'Times New Roman'\">&nbsp;&nbsp;&nbsp;&nbsp;&nbsp;&nbsp;&nbsp;&nbsp; <\/span><\/span><\/span><!--[endif]--><strong><span lang=\"es\" style=\"font-size: 12.0pt\">Puede ser utilizado para: <\/span><\/strong><span lang=\"es\" style=\"font-size: 12.0pt;font-family: 'Times New Roman',serif\">personas mayores, personas en rehabilitaci&oacute;n, personas con restricciones de movilidad.<\/span><\/p>\n<p><strong>Lieferumfang<\/strong><\/p>\n<p><\/p>\n<p><strong>Vierfu&szlig;-Gehstock<\/strong><\/p>\n","protected":false},"excerpt":{"rendered":"<p>Este bast\u00f3n es m\u00e1s que una simple ayuda: es un compa\u00f1ero para el uso diario que garantiza seguridad, comodidad y estabilidad en cualquier entorno<br \/>Los cuatro pies proporcionan una excelente estabilidad , minimizando el riesgo de ca\u00eddas e inestabilidad<br \/>Fabricado con una estructura de aluminio de alta calidad , este bast\u00f3n es particularmente ligero sin sacrificar la estabilidad<br \/>El bast\u00f3n ofrece ocho niveles de altura diferentes que se pueden ajustar en incrementos de 2,5 cm, lo que lo hace adecuado para personas de entre 150 cm y 196 cm<br \/>Este ajuste de altura flexible garantiza que el bast\u00f3n se pueda ajustar individualmente a las necesidades del usuario<\/p>\n","protected":false},"featured_media":2569,"comment_status":"open","ping_status":"closed","template":"","meta":{"_bst_post_transparent":"","_bst_post_title":"","_bst_post_layout":"","_bst_post_sidebar_id":"","_bst_post_content_style":"","_bst_post_vertical_padding":"","_bst_post_feature":"","_bst_post_feature_position":"","_bst_post_header":false,"_bst_post_footer":false},"product_brand":[],"product_cat":[1628],"product_tag":[2017,2049,2051,1549,2011,2013,2047,2045,2021,2053,2009,2023,2035,2039,2055,2057,2059,2061,2063,2065,2067,2069,2071,2073,2037,2033,2029,2031,2019,2027,2007,2075,2025,2043,2015,1599,2077,1559,2041,2079],"product_brands":[],"class_list":{"0":"post-2568","1":"product","2":"type-product","3":"status-publish","4":"has-post-thumbnail","6":"product_cat-sanitaria","7":"product_tag-ajustable","8":"product_tag-ausilioperladeambulazionestabile-es","9":"product_tag-ausilioperlamobilita-es","10":"product_tag-ayudaalamovilidad","11":"product_tag-ayudaparacaminar","12":"product_tag-ayudaparacaminarcuatropies","13":"product_tag-ayudaparacaminarestable","14":"product_tag-ayudaparalamovilidad","15":"product_tag-basecuadruple","16":"product_tag-basequad-es","17":"product_tag-baston","18":"product_tag-bastonajustable","19":"product_tag-bastoncomodo","20":"product_tag-bastondealuminio","21":"product_tag-bastonedapasseggioaquattrozampe-es","22":"product_tag-bastonedapasseggioconcomfort-es","23":"product_tag-bastonedapasseggioinalluminio-es","24":"product_tag-bastonedapasseggioperanziani-es","25":"product_tag-bastonedapasseggioperdestrimaniemancini-es","26":"product_tag-bastonedapasseggioperdonna-es","27":"product_tag-bastonedapasseggioperuomo-es","28":"product_tag-bastonedapasseggiopieghevole-es","29":"product_tag-bastonedapasseggioregolabile-es","30":"product_tag-bastonedapasseggiostabile-es","31":"product_tag-bastonestable","32":"product_tag-bastonparadiestrosyzurdos","33":"product_tag-bastonparahombres","34":"product_tag-bastonparamujeres","35":"product_tag-bastonparapersonasmayores","36":"product_tag-bastonplegable","37":"product_tag-cuatropies","38":"product_tag-impugnaturaergonomica-es","39":"product_tag-mangoergonomico","40":"product_tag-marcodealuminioligero","41":"product_tag-muletas","42":"product_tag-piediniantiscivolo-es","43":"product_tag-piediniingommaantiscivolo-es","44":"product_tag-piesantideslizantes","45":"product_tag-piesdegomaantideslizantes","46":"product_tag-telaioleggeroinalluminio-es","48":"first","49":"instock","50":"sale","51":"shipping-taxable","52":"purchasable","53":"product-type-simple","54":"entry","55":"content-bg","56":"loop-entry"},"_links":{"self":[{"href":"https:\/\/thefirstshop.it\/shop\/wp-json\/wp\/v2\/product\/2568","targetHints":{"allow":["GET"]}}],"collection":[{"href":"https:\/\/thefirstshop.it\/shop\/wp-json\/wp\/v2\/product"}],"about":[{"href":"https:\/\/thefirstshop.it\/shop\/wp-json\/wp\/v2\/types\/product"}],"replies":[{"embeddable":true,"href":"https:\/\/thefirstshop.it\/shop\/wp-json\/wp\/v2\/comments?post=2568"}],"wp:featuredmedia":[{"embeddable":true,"href":"https:\/\/thefirstshop.it\/shop\/wp-json\/wp\/v2\/media\/2569"}],"wp:attachment":[{"href":"https:\/\/thefirstshop.it\/shop\/wp-json\/wp\/v2\/media?parent=2568"}],"wp:term":[{"taxonomy":"product_brand","embeddable":true,"href":"https:\/\/thefirstshop.it\/shop\/wp-json\/wp\/v2\/product_brand?post=2568"},{"taxonomy":"product_cat","embeddable":true,"href":"https:\/\/thefirstshop.it\/shop\/wp-json\/wp\/v2\/product_cat?post=2568"},{"taxonomy":"product_tag","embeddable":true,"href":"https:\/\/thefirstshop.it\/shop\/wp-json\/wp\/v2\/product_tag?post=2568"},{"taxonomy":"product_brands","embeddable":true,"href":"https:\/\/thefirstshop.it\/shop\/wp-json\/wp\/v2\/product_brands?post=2568"}],"curies":[{"name":"wp","href":"https:\/\/api.w.org\/{rel}","templated":true}]}}