{"id":2819,"date":"2025-07-23T16:20:11","date_gmt":"2025-07-23T14:20:11","guid":{"rendered":"https:\/\/thefirstshop.it\/shop\/?post_type=product&#038;p=2819"},"modified":"2025-07-23T16:20:11","modified_gmt":"2025-07-23T14:20:11","slug":"dynasun-auto-car-1204a-5006-25cm-aus-metall-vintage-automodell-im-retro-style-oldtimer-kollektion-handgefertigt-mit-realistischem-vintage-effekt-perfekt-fur-sammler-und-liebhaber","status":"publish","type":"product","link":"https:\/\/thefirstshop.it\/shop\/de\/prodotto\/dynasun-auto-car-1204a-5006-25cm-aus-metall-vintage-automodell-im-retro-style-oldtimer-kollektion-handgefertigt-mit-realistischem-vintage-effekt-perfekt-fur-sammler-und-liebhaber\/","title":{"rendered":"DynaSun Auto Car 1204A-5006 25cm aus Metall, Vintage Automodell im Retro-Style Oldtimer Kollektion, handgefertigt mit realistischem Vintage-Effekt, Perfekt f\u00fcr Sammler und Liebhaber"},"content":{"rendered":"<p class=\"MsoNormal\" style=\"margin-bottom: .0001pt;text-align: justify;line-height: normal\" data-mce-style=\"margin-bottom: .0001pt; text-align: justify; text-justify: inter-ideograph; line-height: normal;\"><strong><span style=\"font-size: 12.0pt;font-family: 'Times New Roman','serif'\" data-mce-style=\"font-size: 12.0pt; font-family: 'Times New Roman','serif'; mso-fareast-font-family: 'Times New Roman'; mso-ansi-language: DE; mso-bidi-language: TH;\">Entdecken Sie den zeitlosen Charme des Vintage- Modellautos aus Metall<\/span><\/strong><\/p>\n<p class=\"MsoNormal\" style=\"margin-bottom: .0001pt;text-align: justify;line-height: normal\" data-mce-style=\"margin-bottom: .0001pt; text-align: justify; text-justify: inter-ideograph; line-height: normal;\"><span style=\"font-size: 12.0pt;font-family: 'Times New Roman','serif'\" data-mce-style=\"font-size: 12.0pt; font-family: 'Times New Roman','serif'; mso-fareast-font-family: 'Times New Roman'; mso-ansi-language: DE; mso-bidi-language: TH;\">Nachbildungen von Fortbewegungsmitteln vergangener Zeiten erwecken seit jeher Faszination und Neugier bei Liebhabern jeden Alters. <\/span><span lang=\"IT\" style=\"font-size: 12.0pt;font-family: 'Times New Roman','serif'\" data-mce-style=\"font-size: 12.0pt; font-family: 'Times New Roman','serif'; mso-fareast-font-family: 'Times New Roman'; mso-ansi-language: IT; mso-bidi-language: TH;\">Dieses <strong>Vintage-Modellauto aus der <\/strong>DynaSun Home -Kollektion verk\u00f6rpert diesen Charme mit exklusivem Design und durchdachten Details perfekt. Dieses <strong>vollst\u00e4ndig handgefertigte <\/strong>Meisterwerk wird mit au\u00dfergew\u00f6hnlicher Pr\u00e4zision hergestellt und sorgt f\u00fcr einen Hauch von Eleganz und Originalit\u00e4t in jeder Ecke Ihres Zuhauses oder Ihrer Sammlung.<\/span><\/p>\n<p class=\"MsoNormal\" style=\"margin-bottom: .0001pt;text-align: justify;line-height: normal\" data-mce-style=\"margin-bottom: .0001pt; text-align: justify; text-justify: inter-ideograph; line-height: normal;\"><strong><span lang=\"IT\" style=\"font-size: 12.0pt;font-family: 'Times New Roman','serif'\" data-mce-style=\"font-size: 12.0pt; font-family: 'Times New Roman','serif'; mso-fareast-font-family: 'Times New Roman'; mso-ansi-language: IT; mso-bidi-language: TH;\">Stil und Qualit\u00e4t ohne Kompromisse:<\/span><\/strong><\/p>\n<p class=\"MsoNormal\" style=\"text-align: justify;text-indent: -18.0pt;line-height: normal;margin: 0cm 0cm .0001pt 18.0pt\" data-mce-style=\"text-align: justify; text-justify: inter-ideograph; text-indent: -18.0pt; line-height: normal; mso-list: l0 level1 lfo1; tab-stops: list 18.0pt; margin: 0cm 0cm .0001pt 18.0pt;\"><!-- [if !supportLists]--><span lang=\"IT\" style=\"font-size: 10.0pt;font-family: Symbol\" data-mce-style=\"font-size: 10.0pt; mso-bidi-font-size: 12.0pt; font-family: Symbol; mso-fareast-font-family: Symbol; mso-bidi-font-family: Symbol; mso-ansi-language: IT; mso-bidi-language: TH;\"><span data-mce-style=\"mso-list: Ignore;\">\u00b7<span style=\"font: 7.0pt 'Times New Roman'\" data-mce-style=\"font: 7.0pt 'Times New Roman';\">&nbsp;&nbsp;&nbsp;&nbsp;&nbsp;&nbsp;&nbsp;&nbsp; <\/span><\/span><\/span><!--[endif]--><strong><span lang=\"IT\" style=\"font-size: 12.0pt;font-family: 'Times New Roman','serif'\" data-mce-style=\"font-size: 12.0pt; font-family: 'Times New Roman','serif'; mso-fareast-font-family: 'Times New Roman'; mso-ansi-language: IT; mso-bidi-language: TH;\">Hochwertige Handwerkskunst: <\/span><\/strong><span lang=\"IT\" style=\"font-size: 12.0pt;font-family: 'Times New Roman','serif'\" data-mce-style=\"font-size: 12.0pt; font-family: 'Times New Roman','serif'; mso-fareast-font-family: 'Times New Roman'; mso-ansi-language: IT; mso-bidi-language: TH;\">Jedes Modell wird mit gro\u00dfer Sorgfalt und Liebe zum Detail hergestellt, um eine originalgetreue, hochwertige Reproduktion zu gew\u00e4hrleisten. Die handwerkliche Verarbeitung und die sorgf\u00e4ltigen Details machen jedes St\u00fcck einzigartig und wertvoll.<\/span><\/p>\n<p class=\"MsoNormal\" style=\"text-align: justify;text-indent: -18.0pt;line-height: normal;margin: 0cm 0cm .0001pt 18.0pt\" data-mce-style=\"text-align: justify; text-justify: inter-ideograph; text-indent: -18.0pt; line-height: normal; mso-list: l0 level1 lfo1; tab-stops: list 18.0pt; margin: 0cm 0cm .0001pt 18.0pt;\"><!-- [if !supportLists]--><span lang=\"IT\" style=\"font-size: 10.0pt;font-family: Symbol\" data-mce-style=\"font-size: 10.0pt; mso-bidi-font-size: 12.0pt; font-family: Symbol; mso-fareast-font-family: Symbol; mso-bidi-font-family: Symbol; mso-ansi-language: IT; mso-bidi-language: TH;\"><span data-mce-style=\"mso-list: Ignore;\">\u00b7<span style=\"font: 7.0pt 'Times New Roman'\" data-mce-style=\"font: 7.0pt 'Times New Roman';\">&nbsp;&nbsp;&nbsp;&nbsp;&nbsp;&nbsp;&nbsp;&nbsp; <\/span><\/span><\/span><!--[endif]--><strong><span lang=\"IT\" style=\"font-size: 12.0pt;font-family: 'Times New Roman','serif'\" data-mce-style=\"font-size: 12.0pt; font-family: 'Times New Roman','serif'; mso-fareast-font-family: 'Times New Roman'; mso-ansi-language: IT; mso-bidi-language: TH;\">Authentischer Vintage-Effekt: <\/span><\/strong><span lang=\"IT\" style=\"font-size: 12.0pt;font-family: 'Times New Roman','serif'\" data-mce-style=\"font-size: 12.0pt; font-family: 'Times New Roman','serif'; mso-fareast-font-family: 'Times New Roman'; mso-ansi-language: IT; mso-bidi-language: TH;\">Die manuell nachgebildeten Gebrauchsspuren verleihen dem Modell einen authentischen Vintage-Look, als w\u00e4re es Witterungseinfl\u00fcssen und dem Lauf der Zeit ausgesetzt gewesen. Dieser Distressed-Effekt verleiht Authentizit\u00e4t und Charakter und macht jedes St\u00fcck zu etwas ganz Besonderem.<\/span><\/p>\n<p class=\"MsoNormal\" style=\"text-align: justify;text-indent: -18.0pt;line-height: normal;margin: 0cm 0cm .0001pt 18.0pt\" data-mce-style=\"text-align: justify; text-justify: inter-ideograph; text-indent: -18.0pt; line-height: normal; mso-list: l0 level1 lfo1; tab-stops: list 18.0pt; margin: 0cm 0cm .0001pt 18.0pt;\"><!-- [if !supportLists]--><span lang=\"IT\" style=\"font-size: 10.0pt;font-family: Symbol\" data-mce-style=\"font-size: 10.0pt; mso-bidi-font-size: 12.0pt; font-family: Symbol; mso-fareast-font-family: Symbol; mso-bidi-font-family: Symbol; mso-ansi-language: IT; mso-bidi-language: TH;\"><span data-mce-style=\"mso-list: Ignore;\">\u00b7<span style=\"font: 7.0pt 'Times New Roman'\" data-mce-style=\"font: 7.0pt 'Times New Roman';\">&nbsp;&nbsp;&nbsp;&nbsp;&nbsp;&nbsp;&nbsp;&nbsp; <\/span><\/span><\/span><!--[endif]--><strong><span lang=\"IT\" style=\"font-size: 12.0pt;font-family: 'Times New Roman','serif'\" data-mce-style=\"font-size: 12.0pt; font-family: 'Times New Roman','serif'; mso-fareast-font-family: 'Times New Roman'; mso-ansi-language: IT; mso-bidi-language: TH;\">Widerstandsf\u00e4hige und langlebige Materialien:<\/span><\/strong><span lang=\"IT\" style=\"font-size: 12.0pt;font-family: 'Times New Roman','serif'\" data-mce-style=\"font-size: 12.0pt; font-family: 'Times New Roman','serif'; mso-fareast-font-family: 'Times New Roman'; mso-ansi-language: IT; mso-bidi-language: TH;\"> DynaSun hat sich f\u00fcr hochwertige Materialien entschieden, um ein widerstandsf\u00e4higes und langlebiges Produkt zu garantieren. Die robuste Metallstruktur sorgt daf\u00fcr, dass das Modell seine Sch\u00f6nheit und Integrit\u00e4t auch im Laufe der Zeit beh\u00e4lt.<\/span><\/p>\n<p class=\"MsoNormal\" style=\"margin-bottom: .0001pt;text-align: justify;line-height: normal\" data-mce-style=\"margin-bottom: .0001pt; text-align: justify; text-justify: inter-ideograph; line-height: normal;\"><strong><span style=\"font-size: 12.0pt;font-family: 'Times New Roman','serif'\" data-mce-style=\"font-size: 12.0pt; font-family: 'Times New Roman','serif'; mso-fareast-font-family: 'Times New Roman'; mso-ansi-language: DE; mso-bidi-language: TH;\">Ein Hauch von Eleganz f\u00fcr jede Umgebung: <\/span><\/strong><span style=\"font-size: 12.0pt;font-family: 'Times New Roman','serif'\" data-mce-style=\"font-size: 12.0pt; font-family: 'Times New Roman','serif'; mso-fareast-font-family: 'Times New Roman'; mso-ansi-language: DE; mso-bidi-language: TH;\">Das Oldtimermodell ist nicht nur ein Sammlerst\u00fcck, sondern auch ein Designelement, das jeden Raum bereichert. <strong>Der Vintage-, Industrie- und Retro-Stil <\/strong>verschmelzen in diesem St\u00fcck harmonisch und erzeugen einen \u00e4sthetischen Effekt von gro\u00dfer Wirkung. Die gew\u00e4hlte Farbnuance macht jedes Objekt der Kollektion elegant und raffiniert, ideal, um Umgebungen eine kreative und stilvolle Note zu verleihen, ohne auf Stil zu verzichten.<\/span><\/p>\n<p class=\"MsoNormal\" style=\"margin-bottom: .0001pt;text-align: justify;line-height: normal\" data-mce-style=\"margin-bottom: .0001pt; text-align: justify; text-justify: inter-ideograph; line-height: normal;\"><strong><span style=\"font-size: 12.0pt;font-family: 'Times New Roman','serif'\" data-mce-style=\"font-size: 12.0pt; font-family: 'Times New Roman','serif'; mso-fareast-font-family: 'Times New Roman'; mso-ansi-language: DE; mso-bidi-language: TH;\">Vielseitigkeit und Anpassungsf\u00e4higkeit: <\/span><\/strong><span style=\"font-size: 12.0pt;font-family: 'Times New Roman','serif'\" data-mce-style=\"font-size: 12.0pt; font-family: 'Times New Roman','serif'; mso-fareast-font-family: 'Times New Roman'; mso-ansi-language: DE; mso-bidi-language: TH;\">Die <strong>Auswahl an Stilen und Formen <\/strong>ist gro\u00df und vielf\u00e4ltig , so dass sich die DynaSun- Modelle an jedes Dekor anpassen, vom klassischsten bis zum modernsten, und dabei stets eine unverwechselbare und faszinierende Note verleihen. <\/span><span lang=\"IT\" style=\"font-size: 12.0pt;font-family: 'Times New Roman','serif'\" data-mce-style=\"font-size: 12.0pt; font-family: 'Times New Roman','serif'; mso-fareast-font-family: 'Times New Roman'; mso-ansi-language: IT; mso-bidi-language: TH;\">Egal, ob Sie Ihr B\u00fcro, Ihr Wohnzimmer oder ein Schaufenster dekorieren m\u00f6chten, dieses Vintage-Modellauto passt perfekt und wird zum Mittelpunkt der Eleganz und Raffinesse.<\/span><\/p>\n<p class=\"MsoNormal\" style=\"margin-bottom: .0001pt;text-align: justify;line-height: normal\" data-mce-style=\"margin-bottom: .0001pt; text-align: justify; text-justify: inter-ideograph; line-height: normal;\"><span style=\"font-size: 12.0pt;font-family: 'Times New Roman','serif'\" data-mce-style=\"font-size: 12.0pt; font-family: 'Times New Roman','serif'; mso-fareast-font-family: 'Times New Roman'; mso-ansi-language: DE; mso-bidi-language: TH;\">Vintage-Modellauto aus Metall von DynaSun Home ist viel mehr als ein einfaches Sammlerst\u00fcck: Es ist ein Zeugnis der Vergangenheit, ein St\u00fcck Design, das die Eleganz und den Charme vergangener Zeiten mit sich bringt. Dieses <strong>vollst\u00e4ndig handgefertigte <\/strong>und aus hochwertigen Materialien gefertigte Modell ist perfekt f\u00fcr alle, die einen Hauch von Originalit\u00e4t und Stil f\u00fcr ihre Sammlung oder Einrichtungsgegenst\u00e4nde suchen. Mit seinen sorgf\u00e4ltigen Details und der Used-Optik verleiht es jedem Raum ein authentisches und edles Element. Egal, ob Sie ein begeisterter Sammler sind oder einfach nur auf der Suche nach einem einzigartigen St\u00fcck zur Dekoration Ihres Zuhauses sind, dieses Vintage-Modellauto ist eine ausgezeichnete Wahl.<\/span><\/p>\n<p><strong>Technische Daten<\/strong><\/p>\n<p><\/p>\n<p class=\"MsoNormal\" style=\"text-align: justify;text-indent: -18.0pt;line-height: normal;margin: 0cm 0cm .0001pt 18.0pt\" data-mce-style=\"text-align: justify; text-justify: inter-ideograph; text-indent: -18.0pt; line-height: normal; mso-list: l0 level1 lfo1; tab-stops: list 18.0pt; margin: 0cm 0cm .0001pt 18.0pt;\"><!-- [if !supportLists]--><span lang=\"de\" style=\"font-size: 10.0pt;font-family: Symbol\" data-mce-style=\"font-size: 10.0pt; mso-bidi-font-size: 12.0pt; font-family: Symbol; mso-fareast-font-family: Symbol; mso-bidi-font-family: Symbol; mso-bidi-language: TH;\"><span data-mce-style=\"mso-list: Ignore;\">\u00b7<span style=\"font: 7.0pt 'Times New Roman'\" data-mce-style=\"font: 7.0pt 'Times New Roman';\">&nbsp;&nbsp;&nbsp;&nbsp;&nbsp;&nbsp;&nbsp;&nbsp; <\/span><\/span><\/span><!--[endif]--><strong><span lang=\"de\" style=\"font-size: 12.0pt;font-family: 'Times New Roman','serif'\" data-mce-style=\"font-size: 12.0pt; font-family: 'Times New Roman','serif'; mso-fareast-font-family: 'Times New Roman'; mso-bidi-language: TH;\">Abmessungen : <\/span><\/strong><span lang=\"de\" style=\"font-size: 12.0pt;font-family: 'Times New Roman','serif'\" data-mce-style=\"font-size: 12.0pt; font-family: 'Times New Roman','serif'; mso-fareast-font-family: 'Times New Roman'; mso-bidi-language: TH;\">25x11x12 cm<\/span><\/p>\n<p class=\"MsoNormal\" style=\"text-align: justify;text-indent: -18.0pt;line-height: normal;margin: 0cm 0cm .0001pt 18.0pt\" data-mce-style=\"text-align: justify; text-justify: inter-ideograph; text-indent: -18.0pt; line-height: normal; mso-list: l0 level1 lfo1; tab-stops: list 18.0pt; margin: 0cm 0cm .0001pt 18.0pt;\"><!-- [if !supportLists]--><span lang=\"de\" style=\"font-size: 10.0pt;font-family: Symbol\" data-mce-style=\"font-size: 10.0pt; mso-bidi-font-size: 12.0pt; font-family: Symbol; mso-fareast-font-family: Symbol; mso-bidi-font-family: Symbol; mso-bidi-language: TH;\"><span data-mce-style=\"mso-list: Ignore;\">\u00b7<span style=\"font: 7.0pt 'Times New Roman'\" data-mce-style=\"font: 7.0pt 'Times New Roman';\">&nbsp;&nbsp;&nbsp;&nbsp;&nbsp;&nbsp;&nbsp;&nbsp; <\/span><\/span><\/span><!--[endif]--><strong><span lang=\"de\" style=\"font-size: 12.0pt;font-family: 'Times New Roman','serif'\" data-mce-style=\"font-size: 12.0pt; font-family: 'Times New Roman','serif'; mso-fareast-font-family: 'Times New Roman'; mso-bidi-language: TH;\">Material:<\/span><\/strong><span lang=\"de\" style=\"font-size: 12.0pt;font-family: 'Times New Roman','serif'\" data-mce-style=\"font-size: 12.0pt; font-family: 'Times New Roman','serif'; mso-fareast-font-family: 'Times New Roman'; mso-bidi-language: TH;\"> Metall<\/span><\/p>\n<p class=\"MsoNormal\" style=\"text-align: justify;text-indent: -18.0pt;line-height: normal;margin: 0cm 0cm .0001pt 18.0pt\" data-mce-style=\"text-align: justify; text-justify: inter-ideograph; text-indent: -18.0pt; line-height: normal; mso-list: l0 level1 lfo1; tab-stops: list 18.0pt; margin: 0cm 0cm .0001pt 18.0pt;\"><!-- [if !supportLists]--><span lang=\"de\" style=\"font-size: 10.0pt;font-family: Symbol\" data-mce-style=\"font-size: 10.0pt; mso-bidi-font-size: 12.0pt; font-family: Symbol; mso-fareast-font-family: Symbol; mso-bidi-font-family: Symbol; mso-bidi-language: TH;\"><span data-mce-style=\"mso-list: Ignore;\">\u00b7<span style=\"font: 7.0pt 'Times New Roman'\" data-mce-style=\"font: 7.0pt 'Times New Roman';\">&nbsp;&nbsp;&nbsp;&nbsp;&nbsp;&nbsp;&nbsp;&nbsp; <\/span><\/span><\/span><!--[endif]--><strong><span lang=\"de\" style=\"font-size: 12.0pt;font-family: 'Times New Roman','serif'\" data-mce-style=\"font-size: 12.0pt; font-family: 'Times New Roman','serif'; mso-fareast-font-family: 'Times New Roman'; mso-bidi-language: TH;\">Ma\u00dfstab: <\/span><\/strong><span lang=\"de\" style=\"font-size: 12.0pt;font-family: 'Times New Roman','serif'\" data-mce-style=\"font-size: 12.0pt; font-family: 'Times New Roman','serif'; mso-fareast-font-family: 'Times New Roman'; mso-bidi-language: TH;\">1:20<\/span><\/p>\n<p class=\"MsoNormal\" style=\"text-align: justify;text-indent: -18.0pt;line-height: normal;margin: 0cm 0cm .0001pt 18.0pt\" data-mce-style=\"text-align: justify; text-justify: inter-ideograph; text-indent: -18.0pt; line-height: normal; mso-list: l0 level1 lfo1; tab-stops: list 18.0pt; margin: 0cm 0cm .0001pt 18.0pt;\"><!-- [if !supportLists]--><span lang=\"de\" style=\"font-size: 10.0pt;font-family: Symbol\" data-mce-style=\"font-size: 10.0pt; mso-bidi-font-size: 12.0pt; font-family: Symbol; mso-fareast-font-family: Symbol; mso-bidi-font-family: Symbol; mso-bidi-language: TH;\"><span data-mce-style=\"mso-list: Ignore;\">\u00b7<span style=\"font: 7.0pt 'Times New Roman'\" data-mce-style=\"font: 7.0pt 'Times New Roman';\">&nbsp;&nbsp;&nbsp;&nbsp;&nbsp;&nbsp;&nbsp;&nbsp; <\/span><\/span><\/span><!--[endif]--><strong><span lang=\"de\" style=\"font-size: 12.0pt;font-family: 'Times New Roman','serif'\" data-mce-style=\"font-size: 12.0pt; font-family: 'Times New Roman','serif'; mso-fareast-font-family: 'Times New Roman'; mso-bidi-language: TH;\">Stil:<\/span><\/strong><span lang=\"de\" style=\"font-size: 12.0pt;font-family: 'Times New Roman','serif'\" data-mce-style=\"font-size: 12.0pt; font-family: 'Times New Roman','serif'; mso-fareast-font-family: 'Times New Roman'; mso-bidi-language: TH;\"> Vintage und luftig lebte<\/span><\/p>\n<p><\/p>\n","protected":false},"excerpt":{"rendered":"<p>Nachbildungen von Fortbewegungsmitteln vergangener Zeiten erwecken seit jeher Faszination und Neugier bei Liebhabern jeden Alters.<br \/>Jedes Modell wird mit gro\u00dfer Sorgfalt und Liebe zum Detail hergestellt, um eine originalgetreue, hochwertige Reproduktion zu gew\u00e4hrleisten<br \/>Die handwerkliche Verarbeitung und die sorgf\u00e4ltigen Details machen jedes St\u00fcck einzigartig und wertvoll.<br \/>Die manuell nachgebildeten Gebrauchsspuren verleihen dem Modell einen authentischen Vintage-Look, als w\u00e4re es Witterungseinfl\u00fcssen und dem Lauf der Zeit ausgesetzt gewesen.<br \/>Dieses Vintage-Modellauto aus der DynaSun Home -Kollektion verk\u00f6rpert diesen Charme mit exklusivem Design und durchdachten Details perfekt.<\/p>\n","protected":false},"featured_media":2822,"comment_status":"open","ping_status":"closed","template":"","meta":{"_bst_post_transparent":"","_bst_post_title":"","_bst_post_layout":"","_bst_post_sidebar_id":"","_bst_post_content_style":"","_bst_post_vertical_padding":"","_bst_post_feature":"","_bst_post_feature_position":"","_bst_post_header":false,"_bst_post_footer":false},"product_brand":[],"product_cat":[562],"product_tag":[],"product_brands":[],"class_list":{"0":"post-2819","1":"product","2":"type-product","3":"status-publish","4":"has-post-thumbnail","6":"product_cat-motorrader","8":"first","9":"instock","10":"sale","11":"shipping-taxable","12":"purchasable","13":"product-type-simple","14":"entry","15":"content-bg","16":"loop-entry"},"_links":{"self":[{"href":"https:\/\/thefirstshop.it\/shop\/wp-json\/wp\/v2\/product\/2819","targetHints":{"allow":["GET"]}}],"collection":[{"href":"https:\/\/thefirstshop.it\/shop\/wp-json\/wp\/v2\/product"}],"about":[{"href":"https:\/\/thefirstshop.it\/shop\/wp-json\/wp\/v2\/types\/product"}],"replies":[{"embeddable":true,"href":"https:\/\/thefirstshop.it\/shop\/wp-json\/wp\/v2\/comments?post=2819"}],"wp:featuredmedia":[{"embeddable":true,"href":"https:\/\/thefirstshop.it\/shop\/wp-json\/wp\/v2\/media\/2822"}],"wp:attachment":[{"href":"https:\/\/thefirstshop.it\/shop\/wp-json\/wp\/v2\/media?parent=2819"}],"wp:term":[{"taxonomy":"product_brand","embeddable":true,"href":"https:\/\/thefirstshop.it\/shop\/wp-json\/wp\/v2\/product_brand?post=2819"},{"taxonomy":"product_cat","embeddable":true,"href":"https:\/\/thefirstshop.it\/shop\/wp-json\/wp\/v2\/product_cat?post=2819"},{"taxonomy":"product_tag","embeddable":true,"href":"https:\/\/thefirstshop.it\/shop\/wp-json\/wp\/v2\/product_tag?post=2819"},{"taxonomy":"product_brands","embeddable":true,"href":"https:\/\/thefirstshop.it\/shop\/wp-json\/wp\/v2\/product_brands?post=2819"}],"curies":[{"name":"wp","href":"https:\/\/api.w.org\/{rel}","templated":true}]}}