{"id":2845,"date":"2025-07-23T16:40:48","date_gmt":"2025-07-23T14:40:48","guid":{"rendered":"https:\/\/thefirstshop.it\/shop\/?post_type=product&#038;p=2845"},"modified":"2025-07-23T16:40:48","modified_gmt":"2025-07-23T14:40:48","slug":"dynasun-transporteur-de-tricycle-moto-1204a-5023-bleu-25-cm-en-metal-modele-de-moto-tricycle-style-retro-vintage-objet-de-collection-vintage-parfait-pour-les-collectionneurs-et-les-amateurs-de-moto","status":"publish","type":"product","link":"https:\/\/thefirstshop.it\/shop\/fr\/prodotto\/dynasun-transporteur-de-tricycle-moto-1204a-5023-bleu-25-cm-en-metal-modele-de-moto-tricycle-style-retro-vintage-objet-de-collection-vintage-parfait-pour-les-collectionneurs-et-les-amateurs-de-moto\/","title":{"rendered":"DynaSun transporteur de tricycle moto 1204A-5023 Bleu 25 cm en m\u00e9tal, mod\u00e8le de moto tricycle style r\u00e9tro vintage objet de collection vintage &#8211; parfait pour les collectionneurs et les amateurs de motos classiques"},"content":{"rendered":"<p class=\"MsoNormal\" style=\"margin-bottom: 0cm;line-height: normal\"><span style=\"font-size: 12.0pt;font-family: 'Times New Roman',serif\">Ce produit est une expression <strong>d&#8217;&eacute;l&eacute;gance classique <\/strong>et <strong>d&#8217;origines nostalgiques <\/strong>. Le mod&egrave;le de moto <strong>DynaSun 1204A- 5023 <\/strong>, disponible en pi&egrave;ce unique, est un <strong>mod&egrave;le de moto vintage en m&eacute;tal <\/strong>de la prestigieuse <strong>collection Retro Style <\/strong>. La taille est <strong>de 25 cm , <\/strong>ce qui en fait un superbe ajout &agrave; n&#8217;importe quelle collection ou pi&egrave;ce.<\/span><\/p>\n<p class=\"MsoNormal\" style=\"margin-bottom: 0cm;line-height: normal\"><span style=\"font-size: 12.0pt;font-family: 'Times New Roman',serif\">Le mod&egrave;le de moto <strong>DynaSun 1204A-5023 <\/strong>est bien plus qu&#8217;une simple pi&egrave;ce d&eacute;corative. Il offre &eacute;galement <strong>une pr&eacute;cision historique exceptionnelle <\/strong>avec sa <strong>reconstitution d&eacute;taill&eacute;e d&#8217;une moto classique du pass&eacute; <\/strong>. Cela en fait un v&eacute;ritable tr&eacute;sor aussi bien pour <strong>les passionn&eacute;s de moto <\/strong>que pour <strong>les collectionneurs de mod&egrave;les classiques <\/strong>.<\/span><\/p>\n<p class=\"MsoNormal\" style=\"margin-bottom: 0cm;line-height: normal\"><span lang=\"EN-US\" style=\"font-size: 12.0pt;font-family: 'Times New Roman',serif\">Le <strong>m&eacute;tal robuste <\/strong>est non seulement attrayant, mais aussi extr&ecirc;mement <strong>durable <\/strong>. <\/span><span style=\"font-size: 12.0pt;font-family: 'Times New Roman',serif\">Il r&eacute;sistera certainement &agrave; toute chute d&#8217;une &eacute;tag&egrave;re ou d&#8217;une table tout en conservant sa forme originale.<\/span><\/p>\n<p><span style=\"font-size: 12.0pt;line-height: 115%;font-family: 'Times New Roman',serif\">Le mod&egrave;le de moto <strong>DynaSun 1204A-5023 <\/strong>n&#8217;est pas seulement un mod&egrave;le, mais un morceau d&#8217;histoire con&ccedil;u avec soin et pr&eacute;cision. <\/span><span lang=\"EN-US\" style=\"font-size: 12.0pt;line-height: 115%;font-family: 'Times New Roman',serif\">Son <strong>look vintage authentique <\/strong>et <strong>sa construction m&eacute;tallique de haute qualit&eacute; <\/strong>en font une pi&egrave;ce ma&icirc;tresse incontournable pour <strong>les collectionneurs <\/strong>et <strong>les amateurs de motos classiques <\/strong>. Ce mod&egrave;le est une expression de <strong>nostalgie et de savoir-faire <\/strong>qui ne devrait manquer dans aucune collection. L&#8217; <strong>attention port&eacute;e aux d&eacute;tails <\/strong>et <strong>la qualit&eacute; exceptionnelle <\/strong>garantissent que ce mod&egrave;le fera battre plus fort le c&oelig;ur des collectionneurs et des passionn&eacute;s. <\/span><span lang=\"DE\" style=\"font-size: 12.0pt;line-height: 115%;font-family: 'Times New Roman',serif\">Plongez dans l&#8217;univers des motos classiques avec la moto mod&egrave;le <strong>DynaSun 1204A- 5023 <\/strong><\/span><\/p>\n<p><strong>Technische Daten<\/strong><\/p>\n<p><\/p>\n<p class=\"MsoListParagraphCxSpFirst\" style=\"margin-bottom: 0cm;text-indent: -18.0pt;line-height: normal\"><!-- [if !supportLists]--><span lang=\"fr\" style=\"font-size: 10.0pt;font-family: Symbol\"><span>&middot;<span style=\"font: 7.0pt 'Times New Roman'\">&nbsp;&nbsp;&nbsp;&nbsp;&nbsp;&nbsp;&nbsp;&nbsp; <\/span><\/span><\/span><!--[endif]--><span lang=\"fr\" style=\"font-size: 12.0pt;font-family: 'Times New Roman',serif\">Relation qualit&eacute; prix optimale.<\/span><\/p>\n<p class=\"MsoListParagraphCxSpMiddle\" style=\"margin-bottom: 0cm;text-indent: -18.0pt;line-height: normal\"><!-- [if !supportLists]--><span lang=\"EN-US\" style=\"font-size: 10.0pt;font-family: Symbol\"><span>&middot;<span style=\"font: 7.0pt 'Times New Roman'\">&nbsp;&nbsp;&nbsp;&nbsp;&nbsp;&nbsp;&nbsp;&nbsp; <\/span><\/span><\/span><!--[endif]--><span lang=\"EN-US\" style=\"font-size: 12.0pt;font-family: 'Times New Roman',serif\">Design r&eacute;tro &eacute;l&eacute;gant et authentique.<\/span><\/p>\n<p class=\"MsoListParagraphCxSpMiddle\" style=\"margin-bottom: 0cm;text-indent: -18.0pt;line-height: normal\"><!-- [if !supportLists]--><span lang=\"EN-US\" style=\"font-size: 10.0pt;font-family: Symbol\"><span>&middot;<span style=\"font: 7.0pt 'Times New Roman'\">&nbsp;&nbsp;&nbsp;&nbsp;&nbsp;&nbsp;&nbsp;&nbsp; <\/span><\/span><\/span><!--[endif]--><span lang=\"EN-US\" style=\"font-size: 12.0pt;font-family: 'Times New Roman',serif\">Construction robuste&nbsp;; Le mod&egrave;le r&eacute;pond &eacute;galement &agrave; des exigences &eacute;lev&eacute;es.<\/span><\/p>\n<p class=\"MsoListParagraphCxSpMiddle\" style=\"margin-bottom: 0cm;text-indent: -18.0pt;line-height: normal\"><!-- [if !supportLists]--><span lang=\"EN-US\" style=\"font-size: 10.0pt;font-family: Symbol\"><span>&middot;<span style=\"font: 7.0pt 'Times New Roman'\">&nbsp;&nbsp;&nbsp;&nbsp;&nbsp;&nbsp;&nbsp;&nbsp; <\/span><\/span><\/span><!--[endif]--><span lang=\"EN-US\" style=\"font-size: 12.0pt;font-family: 'Times New Roman',serif\">Parfait pour les collectionneurs de mod&egrave;les vintage et les passionn&eacute;s de motos.<\/span><\/p>\n<p class=\"MsoListParagraphCxSpMiddle\" style=\"margin-bottom: 0cm;text-indent: -18.0pt;line-height: normal\"><!-- [if !supportLists]--><span lang=\"DE\" style=\"font-size: 10.0pt;font-family: Symbol\"><span>&middot;<span style=\"font: 7.0pt 'Times New Roman'\">&nbsp;&nbsp;&nbsp;&nbsp;&nbsp;&nbsp;&nbsp;&nbsp; <\/span><\/span><\/span><!--[endif]--><span lang=\"DE\" style=\"font-size: 12.0pt;font-family: 'Times New Roman',serif\">Un travail de d&eacute;tail exquis garantit l&rsquo;exactitude historique.<\/span><\/p>\n<p class=\"MsoListParagraphCxSpMiddle\" style=\"margin-bottom: 0cm;text-indent: -18.0pt;line-height: normal\"><!-- [if !supportLists]--><span lang=\"DE\" style=\"font-size: 10.0pt;font-family: Symbol\"><span>&middot;<span style=\"font: 7.0pt 'Times New Roman'\">&nbsp;&nbsp;&nbsp;&nbsp;&nbsp;&nbsp;&nbsp;&nbsp; <\/span><\/span><\/span><!--[endif]--><span lang=\"DE\" style=\"font-size: 12.0pt;font-family: 'Times New Roman',serif\">Fabriqu&eacute; en m&eacute;tal de haute qualit&eacute; et durable.<\/span><\/p>\n<p class=\"MsoListParagraphCxSpMiddle\" style=\"margin-bottom: 0cm;text-indent: -18.0pt;line-height: normal\"><!-- [if !supportLists]--><span style=\"font-size: 10.0pt;font-family: Symbol\"><span>&middot;<span style=\"font: 7.0pt 'Times New Roman'\">&nbsp;&nbsp;&nbsp;&nbsp;&nbsp;&nbsp;&nbsp;&nbsp; <\/span><\/span><\/span><!--[endif]--><span style=\"font-size: 12.0pt;font-family: 'Times New Roman',serif\">Am&eacute;liore l&#8217;atmosph&egrave;re de n&#8217;importe quelle pi&egrave;ce gr&acirc;ce &agrave; son caract&egrave;re vintage distinctif .<\/span><\/p>\n<p class=\"MsoListParagraphCxSpMiddle\" style=\"margin-bottom: 0cm;text-indent: -18.0pt;line-height: normal\"><!-- [if !supportLists]--><span lang=\"EN-US\" style=\"font-size: 10.0pt;font-family: Symbol\"><span>&middot;<span style=\"font: 7.0pt 'Times New Roman'\">&nbsp;&nbsp;&nbsp;&nbsp;&nbsp;&nbsp;&nbsp;&nbsp; <\/span><\/span><\/span><!--[endif]--><span lang=\"EN-US\" style=\"font-size: 12.0pt;font-family: 'Times New Roman',serif\">Cadeau unique pour les fans de moto ou les collectionneurs de mod&egrave;les.<\/span><\/p>\n<p class=\"MsoListParagraphCxSpMiddle\" style=\"margin-bottom: 0cm;text-indent: -18.0pt;line-height: normal\"><!-- [if !supportLists]--><span style=\"font-size: 10.0pt;font-family: Symbol\"><span>&middot;<span style=\"font: 7.0pt 'Times New Roman'\">&nbsp;&nbsp;&nbsp;&nbsp;&nbsp;&nbsp;&nbsp;&nbsp; <\/span><\/span><\/span><!--[endif]--><span style=\"font-size: 12.0pt;font-family: 'Times New Roman',serif\">Type de produit : mod&egrave;le moto de m&eacute;tal<\/span><\/p>\n<p class=\"MsoListParagraphCxSpMiddle\" style=\"margin-bottom: 0cm;text-indent: -18.0pt;line-height: normal\"><!-- [if !supportLists]--><span lang=\"EN-US\" style=\"font-size: 10.0pt;font-family: Symbol\"><span>&middot;<span style=\"font: 7.0pt 'Times New Roman'\">&nbsp;&nbsp;&nbsp;&nbsp;&nbsp;&nbsp;&nbsp;&nbsp; <\/span><\/span><\/span><!--[endif]--><span lang=\"EN-US\" style=\"font-size: 12.0pt;font-family: 'Times New Roman',serif\">Collection&nbsp;: Collection de voitures de style r&eacute;tro vintage<\/span><\/p>\n<p class=\"MsoListParagraphCxSpMiddle\" style=\"margin-bottom: 0cm;text-indent: -18.0pt;line-height: normal\"><!-- [if !supportLists]--><span lang=\"fr\" style=\"font-size: 10.0pt;font-family: Symbol\"><span>&middot;<span style=\"font: 7.0pt 'Times New Roman'\">&nbsp;&nbsp;&nbsp;&nbsp;&nbsp;&nbsp;&nbsp;&nbsp; <\/span><\/span><\/span><!--[endif]--><span lang=\"fr\" style=\"font-size: 12.0pt;font-family: 'Times New Roman',serif\">Longueur : 25 cm<\/span><\/p>\n<p class=\"MsoListParagraphCxSpLast\" style=\"margin-bottom: 0cm;text-indent: -18.0pt;line-height: normal\"><!-- [if !supportLists]--><span lang=\"fr\" style=\"font-size: 10.0pt;font-family: Symbol\"><span>&middot;<span style=\"font: 7.0pt 'Times New Roman'\">&nbsp;&nbsp;&nbsp;&nbsp;&nbsp;&nbsp;&nbsp;&nbsp; <\/span><\/span><\/span><!--[endif]--><span lang=\"fr\" style=\"font-size: 12.0pt;font-family: 'Times New Roman',serif\">Mat&eacute;riel: m&eacute;tal<\/span><\/p>\n<p><\/p>\n","protected":false},"excerpt":{"rendered":"<p>Excellent rapport qualit\u00e9\/prix<br \/>Design r\u00e9tro \u00e9l\u00e9gant et authentique<br \/>Construction robuste ; le mod\u00e8le peut \u00e9galement r\u00e9sister \u00e0 des exigences \u00e9lev\u00e9es<br \/>Parfait pour les collectionneurs de mod\u00e8les vintage et les passionn\u00e9s de motos<br \/>Un travail d\u00e9taill\u00e9 exquis garantit l\u2019exactitude historique<\/p>\n","protected":false},"featured_media":2847,"comment_status":"open","ping_status":"closed","template":"","meta":{"_bst_post_transparent":"","_bst_post_title":"","_bst_post_layout":"","_bst_post_sidebar_id":"","_bst_post_content_style":"","_bst_post_vertical_padding":"","_bst_post_feature":"","_bst_post_feature_position":"","_bst_post_header":false,"_bst_post_footer":false},"product_brand":[],"product_cat":[780],"product_tag":[],"product_brands":[],"class_list":{"0":"post-2845","1":"product","2":"type-product","3":"status-publish","4":"has-post-thumbnail","6":"product_cat-voitures","8":"first","9":"instock","10":"sale","11":"shipping-taxable","12":"purchasable","13":"product-type-simple","14":"entry","15":"content-bg","16":"loop-entry"},"_links":{"self":[{"href":"https:\/\/thefirstshop.it\/shop\/wp-json\/wp\/v2\/product\/2845","targetHints":{"allow":["GET"]}}],"collection":[{"href":"https:\/\/thefirstshop.it\/shop\/wp-json\/wp\/v2\/product"}],"about":[{"href":"https:\/\/thefirstshop.it\/shop\/wp-json\/wp\/v2\/types\/product"}],"replies":[{"embeddable":true,"href":"https:\/\/thefirstshop.it\/shop\/wp-json\/wp\/v2\/comments?post=2845"}],"wp:featuredmedia":[{"embeddable":true,"href":"https:\/\/thefirstshop.it\/shop\/wp-json\/wp\/v2\/media\/2847"}],"wp:attachment":[{"href":"https:\/\/thefirstshop.it\/shop\/wp-json\/wp\/v2\/media?parent=2845"}],"wp:term":[{"taxonomy":"product_brand","embeddable":true,"href":"https:\/\/thefirstshop.it\/shop\/wp-json\/wp\/v2\/product_brand?post=2845"},{"taxonomy":"product_cat","embeddable":true,"href":"https:\/\/thefirstshop.it\/shop\/wp-json\/wp\/v2\/product_cat?post=2845"},{"taxonomy":"product_tag","embeddable":true,"href":"https:\/\/thefirstshop.it\/shop\/wp-json\/wp\/v2\/product_tag?post=2845"},{"taxonomy":"product_brands","embeddable":true,"href":"https:\/\/thefirstshop.it\/shop\/wp-json\/wp\/v2\/product_brands?post=2845"}],"curies":[{"name":"wp","href":"https:\/\/api.w.org\/{rel}","templated":true}]}}