{"id":2968,"date":"2025-09-12T16:01:49","date_gmt":"2025-09-12T14:01:49","guid":{"rendered":"https:\/\/thefirstshop.it\/shop\/prodotto\/dynasun-wt011h-testa-a-sfera-professionale-per-treppiede-con-impugnatura-ergonomica-rotazione-180-livella-e-piastra-rapida\/"},"modified":"2026-03-19T09:02:39","modified_gmt":"2026-03-19T08:02:39","slug":"dynasun-wt011h-testa-a-sfera-professionale-per-treppiede-con-impugnatura-ergonomica-rotazione-180-livella-e-piastra-rapida","status":"publish","type":"product","link":"https:\/\/thefirstshop.it\/shop\/prodotto\/dynasun-wt011h-testa-a-sfera-professionale-per-treppiede-con-impugnatura-ergonomica-rotazione-180-livella-e-piastra-rapida\/","title":{"rendered":"DynaSun WT011H Testa a Sfera Professionale per Treppiede con Impugnatura Ergonomica, Rotazione 180\u00b0, Livella e Piastra Rapida"},"content":{"rendered":"<p class=\"MsoNormal\" style=\"margin-bottom: .0001pt;line-height: normal\"><span lang=\"IT\" style=\"font-size: 12.0pt;font-family: 'Times New Roman','serif';color: black\">La DynaSun WT011H Professional Grip Action Ball Head unisce la flessibilit&agrave; di una testa a sfera tradizionale con il comfort e la precisione di un&rsquo;impugnatura ergonomica a pistola. Questa innovativa testa consente a fotografi e videomaker di effettuare regolazioni rapide e fluide utilizzando una sola mano. Basta premere il grilletto per riposizionare istantaneamente la fotocamera entro un raggio di 180&deg; e bloccarla saldamente al rilascio.<\/span><\/p>\n<p class=\"MsoNormal\" style=\"margin-bottom: .0001pt;line-height: normal\"><span lang=\"IT\" style=\"font-size: 12.0pt;font-family: 'Times New Roman','serif';color: black\">Progettata per offrire prestazioni leggere ma robuste, la WT011H mantiene il baricentro della fotocamera pi&ugrave; vicino al treppiede, garantendo stabilit&agrave; anche con attrezzature pi&ugrave; pesanti. La sua solida costruzione assicura un funzionamento fluido e un&rsquo;affidabilit&agrave; duratura.<\/span><\/p>\n<p class=\"MsoNormal\" style=\"margin-bottom: .0001pt;line-height: normal\"><span lang=\"IT\" style=\"font-size: 12.0pt;font-family: 'Times New Roman','serif';color: black\">Dotata di livella a bolla integrata per un allineamento perfetto e di un sistema a sgancio rapido, questa testa &egrave; ideale per fotocamere digitali, reflex, macchine fotografiche da 35 mm e medio formato. Che si scatti in studio o all&rsquo;aperto, la WT011H &egrave; progettata per una gestione rapida, intuitiva e stabile&mdash;perfetta per fotografi professionisti e appassionati che richiedono precisione ed efficienza.<\/span><\/p>\n<p><strong>Technische Daten<\/strong><\/p>\n<p><\/p>\n<ul style=\"margin-top: 0cm\" type=\"disc\">\n<li class=\"MsoNormal\" style=\"color: black;margin-bottom: .0001pt;line-height: normal\"><span style=\"font-size: 12.0pt;font-family: 'Times New Roman','serif'\">Modello: DynaSun WT011H<\/span><\/li>\n<li class=\"MsoNormal\" style=\"color: black;margin-bottom: .0001pt;line-height: normal\"><span lang=\"IT\" style=\"font-size: 12.0pt;font-family: 'Times New Roman','serif'\">Tipo: Testa a sfera con impugnatura<\/span><\/li>\n<li class=\"MsoNormal\" style=\"color: black;margin-bottom: .0001pt;line-height: normal\"><span style=\"font-size: 12.0pt;font-family: 'Times New Roman','serif'\">Altezza: 220 mm<\/span><\/li>\n<li class=\"MsoNormal\" style=\"color: black;margin-bottom: .0001pt;line-height: normal\"><span style=\"font-size: 12.0pt;font-family: 'Times New Roman','serif'\">Peso (solo testa): 970 g<\/span><\/li>\n<li class=\"MsoNormal\" style=\"color: black;margin-bottom: .0001pt;line-height: normal\"><span lang=\"IT\" style=\"font-size: 12.0pt;font-family: 'Times New Roman','serif'\">Capacit&agrave; di carico massima: fino a 4 kg<\/span><\/li>\n<li class=\"MsoNormal\" style=\"color: black;margin-bottom: .0001pt;line-height: normal\"><span style=\"font-size: 12.0pt;font-family: 'Times New Roman','serif'\">Angolo di rotazione: 180&deg;<\/span><\/li>\n<li class=\"MsoNormal\" style=\"color: black;margin-bottom: .0001pt;line-height: normal\"><span lang=\"IT\" style=\"font-size: 12.0pt;font-family: 'Times New Roman','serif'\">Materiale: Metallo di alta qualit&agrave; e polimero rinforzato<\/span><\/li>\n<li class=\"MsoNormal\" style=\"color: black;margin-bottom: .0001pt;line-height: normal\"><span style=\"font-size: 12.0pt;font-family: 'Times New Roman','serif'\">Livella: Bolla d&rsquo;aria integrata<\/span><\/li>\n<li class=\"MsoNormal\" style=\"color: black;margin-bottom: .0001pt;line-height: normal\"><span lang=\"IT\" style=\"font-size: 12.0pt;font-family: 'Times New Roman','serif'\">Sistema a sgancio rapido: S&igrave; (1 piastra inclusa)<\/span><\/li>\n<li class=\"MsoNormal\" style=\"color: black;margin-bottom: .0001pt;line-height: normal\"><span lang=\"IT\" style=\"font-size: 12.0pt;font-family: 'Times New Roman','serif'\">Compatibilit&agrave; fotocamere: Digitali, 35 mm e medio formato<\/span><\/li>\n<li class=\"MsoNormal\" style=\"color: black;margin-bottom: .0001pt;line-height: normal\"><span lang=\"IT\" style=\"font-size: 12.0pt;font-family: 'Times New Roman','serif'\">Filettatura: Standard 1\/4&#8243; per fotocamere, 3\/8&#8243; per treppiede<\/span><\/li>\n<\/ul>\n<p><strong>Lieferumfang<\/strong><\/p>\n<p><\/p>\n<ul style=\"margin-top: 0cm\" type=\"disc\">\n<li class=\"MsoNormal\" style=\"color: black;margin-bottom: .0001pt;line-height: normal\"><span lang=\"IT\" style=\"font-size: 12.0pt;font-family: 'Times New Roman','serif'\">1 &times; Testa a sfera con impugnatura DynaSun WT011H<\/span><\/li>\n<li class=\"MsoNormal\" style=\"color: black;margin-bottom: .0001pt;line-height: normal\"><span style=\"font-size: 12.0pt;font-family: 'Times New Roman','serif'\">1 &times; Piastra a sgancio rapido<\/span><\/li>\n<li class=\"MsoNormal\" style=\"color: black;margin-bottom: .0001pt;line-height: normal\"><span style=\"font-size: 12.0pt;font-family: 'Times New Roman','serif'\">1 &times; Livella a bolla integrata<\/span><\/li>\n<li class=\"MsoNormal\" style=\"color: black;margin-bottom: .0001pt;line-height: normal\"><span style=\"font-size: 12.0pt;font-family: 'Times New Roman','serif'\">Manuale d&rsquo;uso<\/span><\/li>\n<\/ul>\n","protected":false},"excerpt":{"rendered":"<p>Questa innovativa testa consente a fotografi e videomaker di effettuare regolazioni rapide e fluide utilizzando una sola mano.<br \/>Basta premere il grilletto per riposizionare istantaneamente la fotocamera entro un raggio di 180\u00b0 e bloccarla saldamente al rilascio.<br \/>Progettata per offrire prestazioni leggere ma robuste, mantiene il baricentro della fotocamera pi\u00f9 vicino al treppiede, garantendo stabilit\u00e0 anche con attrezzature pi\u00f9 pesanti.<br \/>La sua solida costruzione assicura un funzionamento fluido e un\u2019affidabilit\u00e0 duratura.<br \/>Dotata di livella a bolla integrata per un allineamento perfetto e di un sistema a sgancio rapido<\/p>\n","protected":false},"featured_media":2974,"comment_status":"open","ping_status":"closed","template":"","meta":{"_bst_post_transparent":"","_bst_post_title":"","_bst_post_layout":"","_bst_post_sidebar_id":"","_bst_post_content_style":"","_bst_post_vertical_padding":"","_bst_post_feature":"","_bst_post_feature_position":"","_bst_post_header":false,"_bst_post_footer":false},"product_brand":[],"product_cat":[2727],"product_tag":[1308,2717,2315,1764,2723,2725,2721,2715,2719,1649],"product_brands":[],"class_list":{"0":"post-2968","1":"product","2":"type-product","3":"status-publish","4":"has-post-thumbnail","6":"product_cat-stative-it","7":"product_tag-facilemontaggio","8":"product_tag-fotocamera","9":"product_tag-gambedeltreppiede","10":"product_tag-impugnaturaergonomica","11":"product_tag-maniglia","12":"product_tag-piastra","13":"product_tag-rotazione","14":"product_tag-sfera","15":"product_tag-stabilizzatore","16":"product_tag-supporto","18":"first","19":"instock","20":"sale","21":"shipping-taxable","22":"purchasable","23":"product-type-simple","24":"entry","25":"content-bg","26":"loop-entry"},"_links":{"self":[{"href":"https:\/\/thefirstshop.it\/shop\/wp-json\/wp\/v2\/product\/2968","targetHints":{"allow":["GET"]}}],"collection":[{"href":"https:\/\/thefirstshop.it\/shop\/wp-json\/wp\/v2\/product"}],"about":[{"href":"https:\/\/thefirstshop.it\/shop\/wp-json\/wp\/v2\/types\/product"}],"replies":[{"embeddable":true,"href":"https:\/\/thefirstshop.it\/shop\/wp-json\/wp\/v2\/comments?post=2968"}],"wp:featuredmedia":[{"embeddable":true,"href":"https:\/\/thefirstshop.it\/shop\/wp-json\/wp\/v2\/media\/2974"}],"wp:attachment":[{"href":"https:\/\/thefirstshop.it\/shop\/wp-json\/wp\/v2\/media?parent=2968"}],"wp:term":[{"taxonomy":"product_brand","embeddable":true,"href":"https:\/\/thefirstshop.it\/shop\/wp-json\/wp\/v2\/product_brand?post=2968"},{"taxonomy":"product_cat","embeddable":true,"href":"https:\/\/thefirstshop.it\/shop\/wp-json\/wp\/v2\/product_cat?post=2968"},{"taxonomy":"product_tag","embeddable":true,"href":"https:\/\/thefirstshop.it\/shop\/wp-json\/wp\/v2\/product_tag?post=2968"},{"taxonomy":"product_brands","embeddable":true,"href":"https:\/\/thefirstshop.it\/shop\/wp-json\/wp\/v2\/product_brands?post=2968"}],"curies":[{"name":"wp","href":"https:\/\/api.w.org\/{rel}","templated":true}]}}