{"id":3068,"date":"2025-09-19T09:51:33","date_gmt":"2025-09-19T07:51:33","guid":{"rendered":"https:\/\/thefirstshop.it\/shop\/?post_type=product&#038;p=3068"},"modified":"2025-09-19T09:51:34","modified_gmt":"2025-09-19T07:51:34","slug":"dynasun-feuerwehrwagen-truck-1804d-769rot-30cm-aus-metall-vintage-lkw-feuerwehr-truckmodell-im-retro-style-oldtimer-kollektion-handgefertigt-mit-realistischem-vintage-effekt-perfekt-fur-sammler-und","status":"publish","type":"product","link":"https:\/\/thefirstshop.it\/shop\/de\/prodotto\/dynasun-feuerwehrwagen-truck-1804d-769rot-30cm-aus-metall-vintage-lkw-feuerwehr-truckmodell-im-retro-style-oldtimer-kollektion-handgefertigt-mit-realistischem-vintage-effekt-perfekt-fur-sammler-und\/","title":{"rendered":"DynaSun Feuerwehrwagen Truck 1804D-769Rot 30cm aus Metall, Vintage LKW Feuerwehr Truckmodell im Retro-Style Oldtimer Kollektion, handgefertigt mit realistischem Vintage-Effekt, Perfekt f\u00fcr Sammler und Liebhaber"},"content":{"rendered":"<p class=\"MsoNormal\" style=\"margin-bottom: 0cm;text-align: justify;line-height: normal\"><span lang=\"DE\" style=\"font-size: 12.0pt;font-family: 'Times New Roman',serif\">Der <strong>DynaSun Vintage 1804D-769 Metall-Truck<\/strong> ist ein handgefertigtes Sammlerst&uuml;ck, das die Sch&ouml;nheit klassischer Fahrzeuge aus der Vergangenheit zum Leben erweckt. Dieses Modell aus der <strong>Retro Style Kollektion<\/strong> besticht durch seinen <strong>Vintage-Look<\/strong> und die detailgetreue Nachbildung eines Oldtimers. Jede Nachbildung wird mit <strong>Gebrauchsspuren<\/strong> versehen, die den Eindruck eines gelebten Klassikers vermitteln und dem Modell eine besondere <strong>Authentizit&auml;t<\/strong> verleihen.<\/span><\/p>\n<p class=\"MsoNormal\" style=\"margin-bottom: 0cm;text-align: justify;line-height: normal\"><span lang=\"DE\" style=\"font-size: 12.0pt;font-family: 'Times New Roman',serif\">Das geschickte Design verbindet <strong>Vintage-, Industrie- und Retro-Stile<\/strong>, was das Modell vielseitig einsetzbar macht &ndash; ob als stilvolles Dekorationsst&uuml;ck im Wohnzimmer, B&uuml;ro oder als besonderes Geschenk f&uuml;r Liebhaber von Oldtimern und Retro-Designs.<\/span><\/p>\n<p class=\"MsoNormal\" style=\"margin-bottom: 0cm;text-align: justify;line-height: normal\"><span lang=\"DE\" style=\"font-size: 12.0pt;font-family: 'Times New Roman',serif\">Mit seiner robusten Metallkonstruktion und der <strong>geschmackvollen Farbgebung<\/strong> ist der <strong>DynaSun Metall-Truck<\/strong> ein langlebiges Qualit&auml;tsprodukt, das sich nahtlos in jede Umgebung einf&uuml;gt und dort eine nostalgische Atmosph&auml;re schafft.<\/span><\/p>\n<p class=\"MsoNormal\" style=\"margin-bottom: 0cm;text-align: justify;line-height: normal\"><span lang=\"DE\" style=\"font-size: 12.0pt;font-family: 'Times New Roman',serif\">Der <strong>DynaSun Vintage Metall-Truck<\/strong> ist mehr als nur ein Modell &ndash; es ist ein k&uuml;nstlerisches St&uuml;ck, das die Nostalgie vergangener Zeiten in Ihr Zuhause bringt. Das Modell bietet durch seinen <strong>authentischen Retro-Charakter<\/strong> und die hohe Handwerkskunst eine au&szlig;ergew&ouml;hnliche Dekorationsm&ouml;glichkeit. Seine Robustheit und Detailtreue machen es zu einem wertvollen Sammlerst&uuml;ck, das sowohl optisch als auch qualitativ &uuml;berzeugt. Ideal f&uuml;r Oldtimer-Enthusiasten oder als originelles Geschenk f&uuml;r Retro-Liebhaber.<\/span><\/p>\n<p class=\"MsoNormal\" style=\"margin-bottom: 0cm;text-align: justify;line-height: normal\"><strong><span lang=\"de\" style=\"font-size: 12.0pt;font-family: 'Times New Roman',serif\">Handwerkskunst und Qualit&auml;t Vorgesetzter :<\/span><\/strong><\/p>\n<p class=\"MsoNormal\" style=\"text-align: justify;text-indent: -18.0pt;line-height: normal;margin: 0cm 0cm 0cm 18.0pt\"><!-- [if !supportLists]--><span lang=\"de\" style=\"font-size: 10.0pt;font-family: Symbol\"><span>&middot;<span style=\"font: 7.0pt 'Times New Roman'\">&nbsp;&nbsp;&nbsp;&nbsp;&nbsp;&nbsp;&nbsp;&nbsp; <\/span><\/span><\/span><!--[endif]--><strong><span lang=\"DE\" style=\"font-size: 12.0pt;font-family: 'Times New Roman',serif\">V&ouml;llig handgefertigt: <\/span><\/strong><span lang=\"DE\" style=\"font-size: 12.0pt;font-family: 'Times New Roman',serif\">Jedes Modell wird mit viel Liebe zum Detail hergestellt und garantiert eine originalgetreue Reproduktion der Vergangenheit. <\/span><span lang=\"de\" style=\"font-size: 12.0pt;font-family: 'Times New Roman',serif\">Aufmerksamkeit handwerklich macht Alles ist gut St&uuml;ck einzigartig und unwiederholbar.<\/span><\/p>\n<p class=\"MsoNormal\" style=\"text-align: justify;text-indent: -18.0pt;line-height: normal;margin: 0cm 0cm 0cm 18.0pt\"><!-- [if !supportLists]--><span lang=\"DE\" style=\"font-size: 10.0pt;font-family: Symbol\"><span>&middot;<span style=\"font: 7.0pt 'Times New Roman'\">&nbsp;&nbsp;&nbsp;&nbsp;&nbsp;&nbsp;&nbsp;&nbsp; <\/span><\/span><\/span><!--[endif]--><strong><span lang=\"DE\" style=\"font-size: 12.0pt;font-family: 'Times New Roman',serif\">Authentischer Vintage-Effekt: <\/span><\/strong><span lang=\"DE\" style=\"font-size: 12.0pt;font-family: 'Times New Roman',serif\">Die manuell nachgebildeten Gebrauchsspuren verleihen dem Modell ein lebendiges und authentisches Aussehen und simulieren die Einwirkung von Witterungseinfl&uuml;ssen und den Lauf der Zeit. Dieser Vintage-Effekt verleiht Charakter und Charme und macht jedes Modell zu einem einzigartigen St&uuml;ck Geschichte.<\/span><\/p>\n<p class=\"MsoNormal\" style=\"text-align: justify;text-indent: -18.0pt;line-height: normal;margin: 0cm 0cm 0cm 18.0pt\"><!-- [if !supportLists]--><span lang=\"DE\" style=\"font-size: 10.0pt;font-family: Symbol\"><span>&middot;<span style=\"font: 7.0pt 'Times New Roman'\">&nbsp;&nbsp;&nbsp;&nbsp;&nbsp;&nbsp;&nbsp;&nbsp; <\/span><\/span><\/span><!--[endif]--><strong><span lang=\"DE\" style=\"font-size: 12.0pt;font-family: 'Times New Roman',serif\">Widerstandsf&auml;hige und langlebige Materialien: <\/span><\/strong><span lang=\"DE\" style=\"font-size: 12.0pt;font-family: 'Times New Roman',serif\">Dieses Modell besteht aus hochwertigen Materialien und ist auf eine lange Lebensdauer ausgelegt. Die robuste Metallkonstruktion sorgt daf&uuml;r, dass das St&uuml;ck seine Sch&ouml;nheit und Integrit&auml;t auch nach Jahren der Pr&auml;sentation beh&auml;lt.<\/span><\/p>\n<p><strong>Technische Daten<\/strong><\/p>\n<p><\/p>\n<p class=\"MsoNormal\" style=\"text-align: justify;text-indent: -18.0pt;line-height: normal;margin: 0cm 0cm 0cm 18.0pt\"><!-- [if !supportLists]--><span lang=\"DE\" style=\"font-size: 10.0pt;font-family: Symbol\"><span>&middot;<span style=\"font: 7.0pt 'Times New Roman'\">&nbsp;&nbsp;&nbsp;&nbsp;&nbsp;&nbsp;&nbsp;&nbsp; <\/span><\/span><\/span><!--[endif]--><strong><span lang=\"DE\" style=\"font-size: 12.0pt;font-family: 'Times New Roman',serif\">Handgefertigt<\/span><\/strong><span lang=\"DE\" style=\"font-size: 12.0pt;font-family: 'Times New Roman',serif\"> mit h&ouml;chster Pr&auml;zision und Liebe zum Detail<\/span><\/p>\n<p class=\"MsoNormal\" style=\"text-align: justify;text-indent: -18.0pt;line-height: normal;margin: 0cm 0cm 0cm 18.0pt\"><!-- [if !supportLists]--><span lang=\"DE\" style=\"font-size: 10.0pt;font-family: Symbol\"><span>&middot;<span style=\"font: 7.0pt 'Times New Roman'\">&nbsp;&nbsp;&nbsp;&nbsp;&nbsp;&nbsp;&nbsp;&nbsp; <\/span><\/span><\/span><!--[endif]--><strong><span lang=\"DE\" style=\"font-size: 12.0pt;font-family: 'Times New Roman',serif\">Vintage-Stil<\/span><\/strong><span lang=\"DE\" style=\"font-size: 12.0pt;font-family: 'Times New Roman',serif\"> mit authentisch nachempfundenen Gebrauchsspuren<\/span><\/p>\n<p class=\"MsoNormal\" style=\"text-align: justify;text-indent: -18.0pt;line-height: normal;margin: 0cm 0cm 0cm 18.0pt\"><!-- [if !supportLists]--><span lang=\"DE\" style=\"font-size: 10.0pt;font-family: Symbol\"><span>&middot;<span style=\"font: 7.0pt 'Times New Roman'\">&nbsp;&nbsp;&nbsp;&nbsp;&nbsp;&nbsp;&nbsp;&nbsp; <\/span><\/span><\/span><!--[endif]--><strong><span lang=\"DE\" style=\"font-size: 12.0pt;font-family: 'Times New Roman',serif\">Abmessungen:<\/span><\/strong><span lang=\"DE\" style=\"font-size: 12.0pt;font-family: 'Times New Roman',serif\"> 30 x 10,5 x 12,7 cm<\/span><\/p>\n<p><strong><span lang=\"DE\" style=\"font-size: 12.0pt;line-height: 115%;font-family: 'Times New Roman',serif\">Material:<\/span><\/strong><span lang=\"DE\" style=\"font-size: 12.0pt;line-height: 115%;font-family: 'Times New Roman',serif\"> Metall<\/span><\/p>\n<p><strong>Lieferumfang<\/strong><\/p>\n<p><\/p>\n<p>DynaSun Fire Truck 1204A-5011 30cm<\/p>\n","protected":false},"excerpt":{"rendered":"<p>Der DynaSun Vintage 1804D-769 Metall-Truck im Ma\u00dfstab 1:20 ist ein handgefertigtes Sammlerst\u00fcck, das die Sch\u00f6nheit klassischer Fahrzeuge aus der Vergangenheit zum Leben erweckt.<br \/>Dieses Modell aus der Retro Style Kollektion besticht durch seinen Vintage-Look und die detailgetreue Nachbildung eines Oldtimers.<br \/>Jede Nachbildung wird mit Gebrauchsspuren versehen, die den Eindruck eines gelebten Klassikers vermitteln und dem Modell eine besondere Authentizit\u00e4t verleihen.<br \/>Das geschickte Design verbindet Vintage-, Industrie- und Retro-Stile, was das Modell vielseitig einsetzbar macht<br \/>Mit seiner robusten Metallkonstruktion und der geschmackvollen Farbgebung ist der Truck ein langlebiges Qualit\u00e4tsprodukt, das sich nahtlos in jede Umgebung einf\u00fcgt<\/p>\n","protected":false},"featured_media":3071,"comment_status":"open","ping_status":"closed","template":"","meta":{"_bst_post_transparent":"","_bst_post_title":"","_bst_post_layout":"","_bst_post_sidebar_id":"","_bst_post_content_style":"","_bst_post_vertical_padding":"","_bst_post_feature":"","_bst_post_feature_position":"","_bst_post_header":false,"_bst_post_footer":false},"product_brand":[],"product_cat":[769],"product_tag":[857,76,2926,859,843,855,2928,841,2866,619,863,621,98,623,2920,2916,2918,865,2930,867,633,871,873,849,853,875,877,879,881,2932,851],"product_brands":[],"class_list":{"0":"post-3068","1":"product","2":"type-product","3":"status-publish","4":"has-post-thumbnail","6":"product_cat-auto","7":"product_tag-amante-de","8":"product_tag-antikauto","9":"product_tag-antiquariato-de","10":"product_tag-autodepoca-de","11":"product_tag-automodell","12":"product_tag-buro","13":"product_tag-camiondeipompieri-de","14":"product_tag-car","15":"product_tag-collezionista-de","16":"product_tag-costruzioneinmetallo-de","17":"product_tag-creativita-de","18":"product_tag-decorazione-de","19":"product_tag-designobjekt","20":"product_tag-fattoamano-de","21":"product_tag-feuerwehrtruckmodell","22":"product_tag-feuerwehrwagen","23":"product_tag-lkw","24":"product_tag-modellodiauto-de","25":"product_tag-modellodicamion-de","26":"product_tag-motociclette-de","27":"product_tag-oggettodacollezione-de","28":"product_tag-oggettodidesign-de","29":"product_tag-originalita-de","30":"product_tag-originalitat","31":"product_tag-schaufenster","32":"product_tag-soggiorno-de","33":"product_tag-stileindustriale-de","34":"product_tag-stileretro-de","35":"product_tag-ufficio-de","36":"product_tag-vetrina-de","37":"product_tag-wohnzimmer","39":"first","40":"instock","41":"sale","42":"shipping-taxable","43":"purchasable","44":"product-type-simple","45":"entry","46":"content-bg","47":"loop-entry"},"_links":{"self":[{"href":"https:\/\/thefirstshop.it\/shop\/wp-json\/wp\/v2\/product\/3068","targetHints":{"allow":["GET"]}}],"collection":[{"href":"https:\/\/thefirstshop.it\/shop\/wp-json\/wp\/v2\/product"}],"about":[{"href":"https:\/\/thefirstshop.it\/shop\/wp-json\/wp\/v2\/types\/product"}],"replies":[{"embeddable":true,"href":"https:\/\/thefirstshop.it\/shop\/wp-json\/wp\/v2\/comments?post=3068"}],"wp:featuredmedia":[{"embeddable":true,"href":"https:\/\/thefirstshop.it\/shop\/wp-json\/wp\/v2\/media\/3071"}],"wp:attachment":[{"href":"https:\/\/thefirstshop.it\/shop\/wp-json\/wp\/v2\/media?parent=3068"}],"wp:term":[{"taxonomy":"product_brand","embeddable":true,"href":"https:\/\/thefirstshop.it\/shop\/wp-json\/wp\/v2\/product_brand?post=3068"},{"taxonomy":"product_cat","embeddable":true,"href":"https:\/\/thefirstshop.it\/shop\/wp-json\/wp\/v2\/product_cat?post=3068"},{"taxonomy":"product_tag","embeddable":true,"href":"https:\/\/thefirstshop.it\/shop\/wp-json\/wp\/v2\/product_tag?post=3068"},{"taxonomy":"product_brands","embeddable":true,"href":"https:\/\/thefirstshop.it\/shop\/wp-json\/wp\/v2\/product_brands?post=3068"}],"curies":[{"name":"wp","href":"https:\/\/api.w.org\/{rel}","templated":true}]}}